{"id":11429,"date":"2018-09-21T12:00:06","date_gmt":"2018-09-21T12:00:06","guid":{"rendered":"https:\/\/kmgy.hu\/?page_id=11429"},"modified":"2024-04-18T08:52:21","modified_gmt":"2024-04-18T06:52:21","slug":"a-kmgy-tortenete-1993-napjainkig-2","status":"publish","type":"page","link":"https:\/\/kmgy.hu\/en\/a-kmgy-tortenete-1993-napjainkig-2\/","title":{"rendered":"History of KMGY"},"content":{"rendered":"<p>[vc_row css_animation=&#8221;&#8221; row_type=&#8221;row&#8221; use_row_as_full_screen_section=&#8221;no&#8221; type=&#8221;full_width&#8221; angled_section=&#8221;no&#8221; text_align=&#8221;left&#8221; background_image_as_pattern=&#8221;without_pattern&#8221; side_padding=&#8221;119px&#8221; padding_top=&#8221;87px&#8221; z_index=&#8221;&#8221; css=&#8221;.vc_custom_1520935735076{padding-top: 15px !important;padding-bottom: 35px !important;}&#8221;][vc_column][vc_separator type=&#8221;transparent&#8221; up=&#8221;-18&#8243;][vc_column_text]<\/p>\n<h1 class=\"aligncenter\" style=\"text-align: center;\">Please Find a Short History of Our Company Below<\/h1>\n<p>[\/vc_column_text][\/vc_column][\/vc_row][vc_row css_animation=&#8221;&#8221; row_type=&#8221;row&#8221; use_row_as_full_screen_section=&#8221;no&#8221; type=&#8221;full_width&#8221; angled_section=&#8221;no&#8221; text_align=&#8221;left&#8221; background_image_as_pattern=&#8221;without_pattern&#8221; side_padding=&#8221;119px&#8221; padding_top=&#8221;87px&#8221; z_index=&#8221;&#8221;][vc_column][vc_separator type=&#8221;transparent&#8221; up=&#8221;-18&#8243;][vc_text_separator title=&#8221;1900.&#8221; title_align=&#8221;separator_align_left&#8221; border=&#8221;no&#8221;][vc_column_text css=&#8221;.vc_custom_1585728111736{padding-top: 15px !important;}&#8221;]<img loading=\"lazy\" decoding=\"async\" class=\"alignnone wp-image-124166 size-full\" src=\"https:\/\/kmgy.hu\/wp-content\/uploads\/2020\/04\/marxmerei.jpg\" alt=\"\" width=\"92\" height=\"81\" srcset=\"https:\/\/kmgy.hu\/wp-content\/uploads\/2020\/04\/marxmerei.jpg 92w, https:\/\/kmgy.hu\/wp-content\/uploads\/2020\/04\/marxmerei-64x56.jpg 64w\" sizes=\"auto, (max-width: 92px) 100vw, 92px\" \/>The predecessor of KMGY was founded in Budapest on July 15, 1900. As engineers and early innovators, the founders developed a range of equipment for both laboratory and industrial use. The firm began to focus on electrical instruments for road and rail transportation in 1920.[\/vc_column_text][vc_empty_space height=&#8221;75px&#8221;][\/vc_column][\/vc_row][vc_row css_animation=&#8221;&#8221; row_type=&#8221;row&#8221; use_row_as_full_screen_section=&#8221;no&#8221; type=&#8221;full_width&#8221; angled_section=&#8221;no&#8221; text_align=&#8221;left&#8221; background_image_as_pattern=&#8221;without_pattern&#8221; side_padding=&#8221;119px&#8221; padding_top=&#8221;87px&#8221; z_index=&#8221;&#8221;][vc_column][vc_separator type=&#8221;transparent&#8221; up=&#8221;-18&#8243;][vc_text_separator title=&#8221;1957.&#8221; title_align=&#8221;separator_align_left&#8221; border=&#8221;no&#8221;][vc_column_text css=&#8221;.vc_custom_1585728428092{padding-top: 15px !important;}&#8221;]<img loading=\"lazy\" decoding=\"async\" class=\"alignnone wp-image-124168 size-full\" src=\"https:\/\/kmgy.hu\/wp-content\/uploads\/2020\/04\/gyar64.jpg\" alt=\"\" width=\"92\" height=\"64\" srcset=\"https:\/\/kmgy.hu\/wp-content\/uploads\/2020\/04\/gyar64.jpg 92w, https:\/\/kmgy.hu\/wp-content\/uploads\/2020\/04\/gyar64-64x45.jpg 64w\" sizes=\"auto, (max-width: 92px) 100vw, 92px\" \/><\/p>\n<p>The company moved to a larger factory to meet demand for both vehicle and aircraft instruments. By 1957, KMGY focused mainly, again, on vehicle instruments.<\/p>\n<p>KMGY merged with two other instrument firms, Ganz Istrument Work was established and began exporting its products. This period began a rapid expansion of export activities and establishing the name internationally.[\/vc_column_text][vc_empty_space height=&#8221;75px&#8221;][\/vc_column][\/vc_row][vc_row css_animation=&#8221;&#8221; row_type=&#8221;row&#8221; use_row_as_full_screen_section=&#8221;no&#8221; type=&#8221;full_width&#8221; angled_section=&#8221;no&#8221; text_align=&#8221;left&#8221; background_image_as_pattern=&#8221;without_pattern&#8221; side_padding=&#8221;119px&#8221; padding_top=&#8221;87px&#8221; z_index=&#8221;&#8221;][vc_column][vc_separator type=&#8221;transparent&#8221; up=&#8221;-18&#8243;][vc_text_separator title=&#8221;1970 &#8211; 1992.&#8221; title_align=&#8221;separator_align_left&#8221; border=&#8221;no&#8221;][vc_column_text css=&#8221;.vc_custom_1549371886984{padding-top: 15px !important;}&#8221;]<img loading=\"lazy\" decoding=\"async\" class=\"alignleft wp-image-122161 size-full\" src=\"https:\/\/kmgy.hu\/wp-content\/uploads\/2019\/02\/gyar83.jpg\" alt=\"\" width=\"92\" height=\"92\" srcset=\"https:\/\/kmgy.hu\/wp-content\/uploads\/2019\/02\/gyar83.jpg 92w, https:\/\/kmgy.hu\/wp-content\/uploads\/2019\/02\/gyar83-64x64.jpg 64w\" sizes=\"auto, (max-width: 92px) 100vw, 92px\" \/>KMGY and the German firm VDO began a cooperation and licensing production agreement. This cooperation continued successfully for 25 years. The company&#8217;s technical development increased rapidly, in order to supply instruments according to very demanding German quality standards.<\/p>\n<p>The changes in the economic and political systems in central Europe were challenges for KMGY. The firm&#8217;s established reputation in several European markets and careful retention of a skilled workforce allowed for refocus and reorganization.[\/vc_column_text][vc_empty_space height=&#8221;75px&#8221;][\/vc_column][\/vc_row][vc_row css_animation=&#8221;&#8221; row_type=&#8221;row&#8221; use_row_as_full_screen_section=&#8221;no&#8221; type=&#8221;full_width&#8221; angled_section=&#8221;no&#8221; text_align=&#8221;left&#8221; background_image_as_pattern=&#8221;without_pattern&#8221; side_padding=&#8221;119px&#8221; padding_top=&#8221;87px&#8221; z_index=&#8221;&#8221;][vc_column][vc_separator type=&#8221;transparent&#8221; up=&#8221;-18&#8243;][vc_text_separator title=&#8221;1993 &#8211; 2008.&#8221; title_align=&#8221;separator_align_left&#8221; border=&#8221;no&#8221;][vc_column_text css=&#8221;.vc_custom_1585728941520{padding-top: 15px !important;}&#8221;]<img loading=\"lazy\" decoding=\"async\" class=\"alignnone wp-image-124170 size-full\" src=\"https:\/\/kmgy.hu\/wp-content\/uploads\/2020\/04\/gyar94.jpg\" alt=\"\" width=\"92\" height=\"92\" srcset=\"https:\/\/kmgy.hu\/wp-content\/uploads\/2020\/04\/gyar94.jpg 92w, https:\/\/kmgy.hu\/wp-content\/uploads\/2020\/04\/gyar94-64x64.jpg 64w\" sizes=\"auto, (max-width: 92px) 100vw, 92px\" \/>KMGY became a privately owned company under the current owners. The new management team established a solid financial basis for the business, renewed production and technical modernization, and re-established relationships with partners in Europe and overseas.[\/vc_column_text][vc_empty_space height=&#8221;75px&#8221;][\/vc_column][\/vc_row][vc_row css_animation=&#8221;&#8221; row_type=&#8221;row&#8221; use_row_as_full_screen_section=&#8221;no&#8221; type=&#8221;full_width&#8221; angled_section=&#8221;no&#8221; text_align=&#8221;left&#8221; background_image_as_pattern=&#8221;without_pattern&#8221; side_padding=&#8221;119px&#8221; padding_top=&#8221;87px&#8221; z_index=&#8221;&#8221;][vc_column][vc_separator type=&#8221;transparent&#8221; up=&#8221;-18&#8243;][vc_text_separator title=&#8221;2009 -&#8221; title_align=&#8221;separator_align_left&#8221; border=&#8221;no&#8221;][vc_column_text css=&#8221;.vc_custom_1549374438710{padding-top: 15px !important;}&#8221;]KMGY\u00a0<img loading=\"lazy\" decoding=\"async\" class=\"wp-image-122175 alignleft\" src=\"https:\/\/kmgy.hu\/wp-content\/uploads\/2019\/02\/KMGY-300x259.jpg\" alt=\"\" width=\"92\" height=\"80\" srcset=\"https:\/\/kmgy.hu\/wp-content\/uploads\/2019\/02\/KMGY-300x259.jpg 300w, https:\/\/kmgy.hu\/wp-content\/uploads\/2019\/02\/KMGY-400x346.jpg 400w, https:\/\/kmgy.hu\/wp-content\/uploads\/2019\/02\/KMGY-64x55.jpg 64w, https:\/\/kmgy.hu\/wp-content\/uploads\/2019\/02\/KMGY-600x524.jpg 600w, https:\/\/kmgy.hu\/wp-content\/uploads\/2019\/02\/KMGY.jpg 606w\" sizes=\"auto, (max-width: 92px) 100vw, 92px\" \/>moved to a new production facility, while keeping its skilled workers. A new long term technical development strategy began, with the goals of continuous upgrade of both products and manufacturing and quality management.<\/p>\n<p>KMGY\u00a0\u00a0became an \u201call electronic\u201d manufacturer with the introduction of a new family of dashboards and instrument clusters for tractors, buses, and other agricultural, construction, and transportation equipment. The company&#8217;s innovation was recognized with EU support.[\/vc_column_text][vc_empty_space height=&#8221;56px&#8221;][\/vc_column][\/vc_row]<\/p>\n","protected":false},"excerpt":{"rendered":"<p>[vc_row css_animation=&#8221;&#8221; row_type=&#8221;row&#8221; use_row_as_full_screen_section=&#8221;no&#8221; type=&#8221;full_width&#8221; angled_section=&#8221;no&#8221; text_align=&#8221;left&#8221; background_image_as_pattern=&#8221;without_pattern&#8221; side_padding=&#8221;119px&#8221; padding_top=&#8221;87px&#8221; z_index=&#8221;&#8221; css=&#8221;.vc_custom_1520935735076{padding-top: 15px !important;padding-bottom: 35px !important;}&#8221;][vc_column][vc_separator type=&#8221;transparent&#8221; up=&#8221;-18&#8243;][vc_column_text] Please Find a Short History of Our Company Below [\/vc_column_text][\/vc_column][\/vc_row][vc_row css_animation=&#8221;&#8221; row_type=&#8221;row&#8221; use_row_as_full_screen_section=&#8221;no&#8221; type=&#8221;full_width&#8221; angled_section=&#8221;no&#8221; text_align=&#8221;left&#8221; background_image_as_pattern=&#8221;without_pattern&#8221; side_padding=&#8221;119px&#8221; padding_top=&#8221;87px&#8221; z_index=&#8221;&#8221;][vc_column][vc_separator type=&#8221;transparent&#8221; up=&#8221;-18&#8243;][vc_text_separator title=&#8221;1900.&#8221; title_align=&#8221;separator_align_left&#8221; border=&#8221;no&#8221;][vc_column_text css=&#8221;.vc_custom_1585728111736{padding-top: 15px&#8230;<\/p>\n","protected":false},"author":3,"featured_media":0,"parent":0,"menu_order":0,"comment_status":"closed","ping_status":"closed","template":"full_width.php","meta":{"footnotes":""},"class_list":["post-11429","page","type-page","status-publish","hentry"],"yoast_head":"<!-- This site is optimized with the Yoast SEO plugin v27.4 - https:\/\/yoast.com\/product\/yoast-seo-wordpress\/ -->\n<title>History of KMGY &#8226; KMGY Ltd.<\/title>\n<meta name=\"robots\" content=\"index, follow, max-snippet:-1, max-image-preview:large, max-video-preview:-1\" \/>\n<link rel=\"canonical\" href=\"https:\/\/kmgy.hu\/en\/a-kmgy-tortenete-1993-napjainkig-2\/\" \/>\n<meta property=\"og:locale\" content=\"en_US\" \/>\n<meta property=\"og:type\" content=\"article\" \/>\n<meta property=\"og:title\" content=\"History of KMGY &#8226; KMGY Ltd.\" \/>\n<meta property=\"og:description\" content=\"[vc_row css_animation=&#8221;&#8221; row_type=&#8221;row&#8221; use_row_as_full_screen_section=&#8221;no&#8221; type=&#8221;full_width&#8221; angled_section=&#8221;no&#8221; text_align=&#8221;left&#8221; background_image_as_pattern=&#8221;without_pattern&#8221; side_padding=&#8221;119px&#8221; padding_top=&#8221;87px&#8221; z_index=&#8221;&#8221; css=&#8221;.vc_custom_1520935735076{padding-top: 15px !important;padding-bottom: 35px !important;}&#8221;][vc_column][vc_separator type=&#8221;transparent&#8221; up=&#8221;-18&#8243;][vc_column_text] Please Find a Short History of Our Company Below [\/vc_column_text][\/vc_column][\/vc_row][vc_row css_animation=&#8221;&#8221; row_type=&#8221;row&#8221; use_row_as_full_screen_section=&#8221;no&#8221; type=&#8221;full_width&#8221; angled_section=&#8221;no&#8221; text_align=&#8221;left&#8221; background_image_as_pattern=&#8221;without_pattern&#8221; side_padding=&#8221;119px&#8221; padding_top=&#8221;87px&#8221; z_index=&#8221;&#8221;][vc_column][vc_separator type=&#8221;transparent&#8221; up=&#8221;-18&#8243;][vc_text_separator title=&#8221;1900.&#8221; title_align=&#8221;separator_align_left&#8221; border=&#8221;no&#8221;][vc_column_text css=&#8221;.vc_custom_1585728111736{padding-top: 15px...\" \/>\n<meta property=\"og:url\" content=\"https:\/\/kmgy.hu\/en\/a-kmgy-tortenete-1993-napjainkig-2\/\" \/>\n<meta property=\"og:site_name\" content=\"KMGY Ltd.\" \/>\n<meta property=\"article:publisher\" content=\"https:\/\/www.facebook.com\/KmgyZrt\/\" \/>\n<meta property=\"article:modified_time\" content=\"2024-04-18T06:52:21+00:00\" \/>\n<meta property=\"og:image\" content=\"https:\/\/kmgy.hu\/wp-content\/uploads\/2020\/04\/marxmerei.jpg\" \/>\n<meta name=\"twitter:card\" content=\"summary_large_image\" \/>\n<meta name=\"twitter:label1\" content=\"Est. reading time\" \/>\n\t<meta name=\"twitter:data1\" content=\"4 minutes\" \/>\n<script type=\"application\/ld+json\" class=\"yoast-schema-graph\">{\"@context\":\"https:\\\/\\\/schema.org\",\"@graph\":[{\"@type\":\"WebPage\",\"@id\":\"https:\\\/\\\/kmgy.hu\\\/en\\\/a-kmgy-tortenete-1993-napjainkig-2\\\/\",\"url\":\"https:\\\/\\\/kmgy.hu\\\/en\\\/a-kmgy-tortenete-1993-napjainkig-2\\\/\",\"name\":\"History of KMGY &#8226; KMGY Ltd.\",\"isPartOf\":{\"@id\":\"https:\\\/\\\/kmgy.hu\\\/en\\\/#website\"},\"primaryImageOfPage\":{\"@id\":\"https:\\\/\\\/kmgy.hu\\\/en\\\/a-kmgy-tortenete-1993-napjainkig-2\\\/#primaryimage\"},\"image\":{\"@id\":\"https:\\\/\\\/kmgy.hu\\\/a-kmgy-tortenete-1993-napjainkig-2\\\/#primaryimage\"},\"thumbnailUrl\":\"https:\\\/\\\/kmgy.hu\\\/wp-content\\\/uploads\\\/2020\\\/04\\\/marxmerei.jpg\",\"datePublished\":\"2018-09-21T12:00:06+00:00\",\"dateModified\":\"2024-04-18T06:52:21+00:00\",\"breadcrumb\":{\"@id\":\"https:\\\/\\\/kmgy.hu\\\/en\\\/a-kmgy-tortenete-1993-napjainkig-2\\\/#breadcrumb\"},\"inLanguage\":\"en-US\",\"potentialAction\":[{\"@type\":\"ReadAction\",\"target\":[[\"https:\\\/\\\/kmgy.hu\\\/en\\\/a-kmgy-tortenete-1993-napjainkig-2\\\/\"]]}]},{\"@type\":\"ImageObject\",\"inLanguage\":\"en-US\",\"@id\":\"https:\\\/\\\/kmgy.hu\\\/en\\\/a-kmgy-tortenete-1993-napjainkig-2\\\/#primaryimage\",\"url\":\"https:\\\/\\\/kmgy.hu\\\/wp-content\\\/uploads\\\/2020\\\/04\\\/marxmerei.jpg\",\"contentUrl\":\"https:\\\/\\\/kmgy.hu\\\/wp-content\\\/uploads\\\/2020\\\/04\\\/marxmerei.jpg\"},{\"@type\":\"BreadcrumbList\",\"@id\":\"https:\\\/\\\/kmgy.hu\\\/en\\\/a-kmgy-tortenete-1993-napjainkig-2\\\/#breadcrumb\",\"itemListElement\":[{\"@type\":\"ListItem\",\"position\":1,\"name\":\"Home\",\"item\":\"https:\\\/\\\/kmgy.hu\\\/en\\\/\"},{\"@type\":\"ListItem\",\"position\":2,\"name\":\"A KMGY t\u00f6rt\u00e9nete\"}]},{\"@type\":\"WebSite\",\"@id\":\"https:\\\/\\\/kmgy.hu\\\/en\\\/#website\",\"url\":\"https:\\\/\\\/kmgy.hu\\\/en\\\/\",\"name\":\"KMGY Ltd.\",\"description\":\"J\u00e1rm\u0171m\u0171szer gy\u00e1rt\u00e1s \u00e9s \u00e9rt\u00e9kes\u00edt\u00e9s\",\"publisher\":{\"@id\":\"https:\\\/\\\/kmgy.hu\\\/en\\\/#organization\"},\"potentialAction\":[{\"@type\":\"SearchAction\",\"target\":{\"@type\":\"EntryPoint\",\"urlTemplate\":\"https:\\\/\\\/kmgy.hu\\\/en\\\/?s={search_term_string}\"},\"query-input\":{\"@type\":\"PropertyValueSpecification\",\"valueRequired\":true,\"valueName\":\"search_term_string\"}}],\"inLanguage\":\"en-US\"},{\"@type\":\"Organization\",\"@id\":\"https:\\\/\\\/kmgy.hu\\\/en\\\/#organization\",\"name\":\"KMGY LTD.\",\"url\":\"https:\\\/\\\/kmgy.hu\\\/en\\\/\",\"logo\":{\"@type\":\"ImageObject\",\"inLanguage\":\"en-US\",\"@id\":\"https:\\\/\\\/kmgy.hu\\\/en\\\/#\\\/schema\\\/logo\\\/image\\\/\",\"url\":\"https:\\\/\\\/kmgy.hu\\\/wp-content\\\/uploads\\\/2024\\\/02\\\/logo2.bmp\",\"contentUrl\":\"https:\\\/\\\/kmgy.hu\\\/wp-content\\\/uploads\\\/2024\\\/02\\\/logo2.bmp\",\"width\":302,\"height\":132,\"caption\":\"KMGY LTD.\"},\"image\":{\"@id\":\"https:\\\/\\\/kmgy.hu\\\/en\\\/#\\\/schema\\\/logo\\\/image\\\/\"},\"sameAs\":[\"https:\\\/\\\/www.facebook.com\\\/KmgyZrt\\\/\"]}]}<\/script>\n<!-- \/ Yoast SEO plugin. -->","yoast_head_json":{"title":"History of KMGY &#8226; KMGY Ltd.","robots":{"index":"index","follow":"follow","max-snippet":"max-snippet:-1","max-image-preview":"max-image-preview:large","max-video-preview":"max-video-preview:-1"},"canonical":"https:\/\/kmgy.hu\/en\/a-kmgy-tortenete-1993-napjainkig-2\/","og_locale":"en_US","og_type":"article","og_title":"History of KMGY &#8226; KMGY Ltd.","og_description":"[vc_row css_animation=&#8221;&#8221; row_type=&#8221;row&#8221; use_row_as_full_screen_section=&#8221;no&#8221; type=&#8221;full_width&#8221; angled_section=&#8221;no&#8221; text_align=&#8221;left&#8221; background_image_as_pattern=&#8221;without_pattern&#8221; side_padding=&#8221;119px&#8221; padding_top=&#8221;87px&#8221; z_index=&#8221;&#8221; css=&#8221;.vc_custom_1520935735076{padding-top: 15px !important;padding-bottom: 35px !important;}&#8221;][vc_column][vc_separator type=&#8221;transparent&#8221; up=&#8221;-18&#8243;][vc_column_text] Please Find a Short History of Our Company Below [\/vc_column_text][\/vc_column][\/vc_row][vc_row css_animation=&#8221;&#8221; row_type=&#8221;row&#8221; use_row_as_full_screen_section=&#8221;no&#8221; type=&#8221;full_width&#8221; angled_section=&#8221;no&#8221; text_align=&#8221;left&#8221; background_image_as_pattern=&#8221;without_pattern&#8221; side_padding=&#8221;119px&#8221; padding_top=&#8221;87px&#8221; z_index=&#8221;&#8221;][vc_column][vc_separator type=&#8221;transparent&#8221; up=&#8221;-18&#8243;][vc_text_separator title=&#8221;1900.&#8221; title_align=&#8221;separator_align_left&#8221; border=&#8221;no&#8221;][vc_column_text css=&#8221;.vc_custom_1585728111736{padding-top: 15px...","og_url":"https:\/\/kmgy.hu\/en\/a-kmgy-tortenete-1993-napjainkig-2\/","og_site_name":"KMGY Ltd.","article_publisher":"https:\/\/www.facebook.com\/KmgyZrt\/","article_modified_time":"2024-04-18T06:52:21+00:00","og_image":[{"url":"https:\/\/kmgy.hu\/wp-content\/uploads\/2020\/04\/marxmerei.jpg","type":"","width":"","height":""}],"twitter_card":"summary_large_image","twitter_misc":{"Est. reading time":"4 minutes"},"schema":{"@context":"https:\/\/schema.org","@graph":[{"@type":"WebPage","@id":"https:\/\/kmgy.hu\/en\/a-kmgy-tortenete-1993-napjainkig-2\/","url":"https:\/\/kmgy.hu\/en\/a-kmgy-tortenete-1993-napjainkig-2\/","name":"History of KMGY &#8226; KMGY Ltd.","isPartOf":{"@id":"https:\/\/kmgy.hu\/en\/#website"},"primaryImageOfPage":{"@id":"https:\/\/kmgy.hu\/en\/a-kmgy-tortenete-1993-napjainkig-2\/#primaryimage"},"image":{"@id":"https:\/\/kmgy.hu\/a-kmgy-tortenete-1993-napjainkig-2\/#primaryimage"},"thumbnailUrl":"https:\/\/kmgy.hu\/wp-content\/uploads\/2020\/04\/marxmerei.jpg","datePublished":"2018-09-21T12:00:06+00:00","dateModified":"2024-04-18T06:52:21+00:00","breadcrumb":{"@id":"https:\/\/kmgy.hu\/en\/a-kmgy-tortenete-1993-napjainkig-2\/#breadcrumb"},"inLanguage":"en-US","potentialAction":[{"@type":"ReadAction","target":[["https:\/\/kmgy.hu\/en\/a-kmgy-tortenete-1993-napjainkig-2\/"]]}]},{"@type":"ImageObject","inLanguage":"en-US","@id":"https:\/\/kmgy.hu\/en\/a-kmgy-tortenete-1993-napjainkig-2\/#primaryimage","url":"https:\/\/kmgy.hu\/wp-content\/uploads\/2020\/04\/marxmerei.jpg","contentUrl":"https:\/\/kmgy.hu\/wp-content\/uploads\/2020\/04\/marxmerei.jpg"},{"@type":"BreadcrumbList","@id":"https:\/\/kmgy.hu\/en\/a-kmgy-tortenete-1993-napjainkig-2\/#breadcrumb","itemListElement":[{"@type":"ListItem","position":1,"name":"Home","item":"https:\/\/kmgy.hu\/en\/"},{"@type":"ListItem","position":2,"name":"A KMGY t\u00f6rt\u00e9nete"}]},{"@type":"WebSite","@id":"https:\/\/kmgy.hu\/en\/#website","url":"https:\/\/kmgy.hu\/en\/","name":"KMGY Ltd.","description":"J\u00e1rm\u0171m\u0171szer gy\u00e1rt\u00e1s \u00e9s \u00e9rt\u00e9kes\u00edt\u00e9s","publisher":{"@id":"https:\/\/kmgy.hu\/en\/#organization"},"potentialAction":[{"@type":"SearchAction","target":{"@type":"EntryPoint","urlTemplate":"https:\/\/kmgy.hu\/en\/?s={search_term_string}"},"query-input":{"@type":"PropertyValueSpecification","valueRequired":true,"valueName":"search_term_string"}}],"inLanguage":"en-US"},{"@type":"Organization","@id":"https:\/\/kmgy.hu\/en\/#organization","name":"KMGY LTD.","url":"https:\/\/kmgy.hu\/en\/","logo":{"@type":"ImageObject","inLanguage":"en-US","@id":"https:\/\/kmgy.hu\/en\/#\/schema\/logo\/image\/","url":"https:\/\/kmgy.hu\/wp-content\/uploads\/2024\/02\/logo2.bmp","contentUrl":"https:\/\/kmgy.hu\/wp-content\/uploads\/2024\/02\/logo2.bmp","width":302,"height":132,"caption":"KMGY LTD."},"image":{"@id":"https:\/\/kmgy.hu\/en\/#\/schema\/logo\/image\/"},"sameAs":["https:\/\/www.facebook.com\/KmgyZrt\/"]}]}},"_links":{"self":[{"href":"https:\/\/kmgy.hu\/en\/wp-json\/wp\/v2\/pages\/11429","targetHints":{"allow":["GET"]}}],"collection":[{"href":"https:\/\/kmgy.hu\/en\/wp-json\/wp\/v2\/pages"}],"about":[{"href":"https:\/\/kmgy.hu\/en\/wp-json\/wp\/v2\/types\/page"}],"author":[{"embeddable":true,"href":"https:\/\/kmgy.hu\/en\/wp-json\/wp\/v2\/users\/3"}],"replies":[{"embeddable":true,"href":"https:\/\/kmgy.hu\/en\/wp-json\/wp\/v2\/comments?post=11429"}],"version-history":[{"count":0,"href":"https:\/\/kmgy.hu\/en\/wp-json\/wp\/v2\/pages\/11429\/revisions"}],"wp:attachment":[{"href":"https:\/\/kmgy.hu\/en\/wp-json\/wp\/v2\/media?parent=11429"}],"curies":[{"name":"wp","href":"https:\/\/api.w.org\/{rel}","templated":true}]}}