{"id":122515,"date":"2019-02-26T22:08:23","date_gmt":"2019-02-26T22:08:23","guid":{"rendered":"https:\/\/kmgy.hu\/?page_id=122515"},"modified":"2024-04-18T08:26:46","modified_gmt":"2024-04-18T06:26:46","slug":"international","status":"publish","type":"page","link":"https:\/\/kmgy.hu\/en\/international\/","title":{"rendered":"International shipping"},"content":{"rendered":"<p>[vc_row css_animation=&#8221;&#8221; row_type=&#8221;row&#8221; use_row_as_full_screen_section=&#8221;no&#8221; type=&#8221;full_width&#8221; angled_section=&#8221;no&#8221; text_align=&#8221;left&#8221; background_image_as_pattern=&#8221;without_pattern&#8221; side_padding=&#8221;119px&#8221; padding_top=&#8221;87px&#8221; z_index=&#8221;&#8221; css=&#8221;.vc_custom_1520935735076{padding-top: 15px !important;padding-bottom: 35px !important;}&#8221;][vc_column][vc_separator type=&#8221;transparent&#8221; up=&#8221;-18&#8243;][vc_column_text]<\/p>\n<h1 style=\"text-align: center;\">INTERNATIONAL SHIPPING<\/h1>\n<p>[\/vc_column_text][\/vc_column][\/vc_row][vc_row css_animation=&#8221;&#8221; row_type=&#8221;row&#8221; use_row_as_full_screen_section=&#8221;no&#8221; type=&#8221;full_width&#8221; angled_section=&#8221;no&#8221; text_align=&#8221;left&#8221; background_image_as_pattern=&#8221;without_pattern&#8221; side_padding=&#8221;119px&#8221; padding_top=&#8221;87px&#8221; z_index=&#8221;&#8221;][vc_column][vc_column_text css=&#8221;.vc_custom_1713277368928{padding-top: 15px !important;}&#8221;]<\/p>\n<h2>INTERNATIONAL SHIPPING DETAILS:<\/h2>\n<p>&nbsp;<\/p>\n<p>During the online checkout process, our shipping-rate calculator uses a custom package weight estimate to determine a shipping cost that closely meets the actual cost of shipping.<\/p>\n<p>This system is as accurate as possible, but the exact cost can be calculated after the\u00a0packaging process.\u00a0Our confirmation e-mail will contain the exact shipping cost.[\/vc_column_text][vc_separator type=&#8221;normal&#8221;][vc_column_text]<\/p>\n<h2>INTERNATIONAL CUSTOMS DETAILS:<\/h2>\n<p>&nbsp;<\/p>\n<p>Customers are responsible for understanding any and all import policies, for paying their country&#8217;s import customs duties.<\/p>\n<p>Import duties, taxes and charges are not included in the item price or shipping charges. These charges are the buyer&#8217;s responsibility.<\/p>\n<p>Please check with your country&#8217;s&#8217; customs office to determine what these additional costs will be prior to placing an order.<\/p>\n<p>&nbsp;<\/p>\n<p>KMGY Ltd.\u00a0will not reimburse the Customer for any portion of the price of goods purchased, the cost of shipping,<\/p>\n<p>taxes, customs or any other fee on unclaimed orders or orders that are undelivered due to recipient refusal.<\/p>\n<p>&nbsp;<\/p>\n<p>We do not mark merchandise values below value or mark items as gifts &#8211;\u00a0International government regulations prohibit such behavior.[\/vc_column_text][vc_separator type=&#8221;normal&#8221;][vc_column_text]<\/p>\n<h2>ORDER TRACKING:<\/h2>\n<p>&nbsp;<\/p>\n<p>After completing your order, an email confirmation including an order number will be sent to the e-mail address, which you provided on your order form.<\/p>\n<p>Once your order has shipped, you will receive an email shipping notification with tracking information.<\/p>\n<p>Delivery times vary from country to country and are usually between\u00a02 to\u00a010 business days.[\/vc_column_text][vc_separator type=&#8221;normal&#8221;][vc_column_text]<\/p>\n<h2>SHIPPING TO:<\/h2>\n<p>&nbsp;<\/p>\n<p>United States, Canada, United Kingdom, Denmark, Romania, Slovakia, Bulgaria, Czech Republic, Finland, Hungary, Latvia, Lithuania, Malta, Estonia, Australia, Greece, Portugal, Cyprus, Slovenia, Japan, China, Sweden, South Korea, Indonesia, Taiwan, Thailand, Belgium, France, Hong Kong, Ireland, Netherlands, Poland, Spain, Germany, Austria, Mexico, New Zealand, Philippines, Singapore, Switzerland, Norway, Croatia, Malaysia, Brazil, Vietnam, Luxembourg, Italy, Liechtenstein, Monaco, San Marino, Andorra, Turkey, Bosnia and Herzegovina, Serbia, Albania, Belarus, Gibraltar, Iceland, North Macedonia, Moldova, Montenegro, India, Pakistan, South Africa, Egypt, Israel, United Arab Emirates.<\/p>\n<p>&nbsp;<\/p>\n<p>If You would like to buy from another country please, use the &#8216;Request for quotation&#8217; menu item.[\/vc_column_text][\/vc_column][\/vc_row]<\/p>\n","protected":false},"excerpt":{"rendered":"<p>[vc_row css_animation=&#8221;&#8221; row_type=&#8221;row&#8221; use_row_as_full_screen_section=&#8221;no&#8221; type=&#8221;full_width&#8221; angled_section=&#8221;no&#8221; text_align=&#8221;left&#8221; background_image_as_pattern=&#8221;without_pattern&#8221; side_padding=&#8221;119px&#8221; padding_top=&#8221;87px&#8221; z_index=&#8221;&#8221; css=&#8221;.vc_custom_1520935735076{padding-top: 15px !important;padding-bottom: 35px !important;}&#8221;][vc_column][vc_separator type=&#8221;transparent&#8221; up=&#8221;-18&#8243;][vc_column_text] INTERNATIONAL SHIPPING [\/vc_column_text][\/vc_column][\/vc_row][vc_row css_animation=&#8221;&#8221; row_type=&#8221;row&#8221; use_row_as_full_screen_section=&#8221;no&#8221; type=&#8221;full_width&#8221; angled_section=&#8221;no&#8221; text_align=&#8221;left&#8221; background_image_as_pattern=&#8221;without_pattern&#8221; side_padding=&#8221;119px&#8221; padding_top=&#8221;87px&#8221; z_index=&#8221;&#8221;][vc_column][vc_column_text css=&#8221;.vc_custom_1713277368928{padding-top: 15px !important;}&#8221;] INTERNATIONAL SHIPPING DETAILS: &nbsp; During the online checkout process, our shipping-rate&#8230;<\/p>\n","protected":false},"author":3,"featured_media":0,"parent":0,"menu_order":0,"comment_status":"closed","ping_status":"closed","template":"full_width.php","meta":{"footnotes":""},"class_list":["post-122515","page","type-page","status-publish","hentry"],"yoast_head":"<!-- This site is optimized with the Yoast SEO plugin v27.4 - https:\/\/yoast.com\/product\/yoast-seo-wordpress\/ -->\n<title>International shipping &#8226; KMGY Ltd.<\/title>\n<meta name=\"description\" content=\"International shipping\" \/>\n<meta name=\"robots\" content=\"index, follow, max-snippet:-1, max-image-preview:large, max-video-preview:-1\" \/>\n<link rel=\"canonical\" href=\"https:\/\/kmgy.hu\/en\/international\/\" \/>\n<meta property=\"og:locale\" content=\"en_US\" \/>\n<meta property=\"og:type\" content=\"article\" \/>\n<meta property=\"og:title\" content=\"International shipping &#8226; KMGY Ltd.\" \/>\n<meta property=\"og:description\" content=\"International shipping\" \/>\n<meta property=\"og:url\" content=\"https:\/\/kmgy.hu\/en\/international\/\" \/>\n<meta property=\"og:site_name\" content=\"KMGY Ltd.\" \/>\n<meta property=\"article:publisher\" content=\"https:\/\/www.facebook.com\/KmgyZrt\/\" \/>\n<meta property=\"article:modified_time\" content=\"2024-04-18T06:26:46+00:00\" \/>\n<meta name=\"twitter:card\" content=\"summary_large_image\" \/>\n<meta name=\"twitter:label1\" content=\"Est. reading time\" \/>\n\t<meta name=\"twitter:data1\" content=\"3 minutes\" \/>\n<script type=\"application\/ld+json\" class=\"yoast-schema-graph\">{\"@context\":\"https:\\\/\\\/schema.org\",\"@graph\":[{\"@type\":\"WebPage\",\"@id\":\"https:\\\/\\\/kmgy.hu\\\/en\\\/international\\\/\",\"url\":\"https:\\\/\\\/kmgy.hu\\\/en\\\/international\\\/\",\"name\":\"International shipping &#8226; KMGY Ltd.\",\"isPartOf\":{\"@id\":\"https:\\\/\\\/kmgy.hu\\\/en\\\/#website\"},\"datePublished\":\"2019-02-26T22:08:23+00:00\",\"dateModified\":\"2024-04-18T06:26:46+00:00\",\"description\":\"International shipping\",\"breadcrumb\":{\"@id\":\"https:\\\/\\\/kmgy.hu\\\/en\\\/international\\\/#breadcrumb\"},\"inLanguage\":\"en-US\",\"potentialAction\":[{\"@type\":\"ReadAction\",\"target\":[[\"https:\\\/\\\/kmgy.hu\\\/en\\\/international\\\/\"]]}]},{\"@type\":\"BreadcrumbList\",\"@id\":\"https:\\\/\\\/kmgy.hu\\\/en\\\/international\\\/#breadcrumb\",\"itemListElement\":[{\"@type\":\"ListItem\",\"position\":1,\"name\":\"Home\",\"item\":\"https:\\\/\\\/kmgy.hu\\\/en\\\/\"},{\"@type\":\"ListItem\",\"position\":2,\"name\":\"Sz\u00e1ll\u00edt\u00e1s\"}]},{\"@type\":\"WebSite\",\"@id\":\"https:\\\/\\\/kmgy.hu\\\/en\\\/#website\",\"url\":\"https:\\\/\\\/kmgy.hu\\\/en\\\/\",\"name\":\"KMGY Ltd.\",\"description\":\"J\u00e1rm\u0171m\u0171szer gy\u00e1rt\u00e1s \u00e9s \u00e9rt\u00e9kes\u00edt\u00e9s\",\"publisher\":{\"@id\":\"https:\\\/\\\/kmgy.hu\\\/en\\\/#organization\"},\"potentialAction\":[{\"@type\":\"SearchAction\",\"target\":{\"@type\":\"EntryPoint\",\"urlTemplate\":\"https:\\\/\\\/kmgy.hu\\\/en\\\/?s={search_term_string}\"},\"query-input\":{\"@type\":\"PropertyValueSpecification\",\"valueRequired\":true,\"valueName\":\"search_term_string\"}}],\"inLanguage\":\"en-US\"},{\"@type\":\"Organization\",\"@id\":\"https:\\\/\\\/kmgy.hu\\\/en\\\/#organization\",\"name\":\"KMGY LTD.\",\"url\":\"https:\\\/\\\/kmgy.hu\\\/en\\\/\",\"logo\":{\"@type\":\"ImageObject\",\"inLanguage\":\"en-US\",\"@id\":\"https:\\\/\\\/kmgy.hu\\\/en\\\/#\\\/schema\\\/logo\\\/image\\\/\",\"url\":\"https:\\\/\\\/kmgy.hu\\\/wp-content\\\/uploads\\\/2024\\\/02\\\/logo2.bmp\",\"contentUrl\":\"https:\\\/\\\/kmgy.hu\\\/wp-content\\\/uploads\\\/2024\\\/02\\\/logo2.bmp\",\"width\":302,\"height\":132,\"caption\":\"KMGY LTD.\"},\"image\":{\"@id\":\"https:\\\/\\\/kmgy.hu\\\/en\\\/#\\\/schema\\\/logo\\\/image\\\/\"},\"sameAs\":[\"https:\\\/\\\/www.facebook.com\\\/KmgyZrt\\\/\"]}]}<\/script>\n<!-- \/ Yoast SEO plugin. -->","yoast_head_json":{"title":"International shipping &#8226; KMGY Ltd.","description":"International shipping","robots":{"index":"index","follow":"follow","max-snippet":"max-snippet:-1","max-image-preview":"max-image-preview:large","max-video-preview":"max-video-preview:-1"},"canonical":"https:\/\/kmgy.hu\/en\/international\/","og_locale":"en_US","og_type":"article","og_title":"International shipping &#8226; KMGY Ltd.","og_description":"International shipping","og_url":"https:\/\/kmgy.hu\/en\/international\/","og_site_name":"KMGY Ltd.","article_publisher":"https:\/\/www.facebook.com\/KmgyZrt\/","article_modified_time":"2024-04-18T06:26:46+00:00","twitter_card":"summary_large_image","twitter_misc":{"Est. reading time":"3 minutes"},"schema":{"@context":"https:\/\/schema.org","@graph":[{"@type":"WebPage","@id":"https:\/\/kmgy.hu\/en\/international\/","url":"https:\/\/kmgy.hu\/en\/international\/","name":"International shipping &#8226; KMGY Ltd.","isPartOf":{"@id":"https:\/\/kmgy.hu\/en\/#website"},"datePublished":"2019-02-26T22:08:23+00:00","dateModified":"2024-04-18T06:26:46+00:00","description":"International shipping","breadcrumb":{"@id":"https:\/\/kmgy.hu\/en\/international\/#breadcrumb"},"inLanguage":"en-US","potentialAction":[{"@type":"ReadAction","target":[["https:\/\/kmgy.hu\/en\/international\/"]]}]},{"@type":"BreadcrumbList","@id":"https:\/\/kmgy.hu\/en\/international\/#breadcrumb","itemListElement":[{"@type":"ListItem","position":1,"name":"Home","item":"https:\/\/kmgy.hu\/en\/"},{"@type":"ListItem","position":2,"name":"Sz\u00e1ll\u00edt\u00e1s"}]},{"@type":"WebSite","@id":"https:\/\/kmgy.hu\/en\/#website","url":"https:\/\/kmgy.hu\/en\/","name":"KMGY Ltd.","description":"J\u00e1rm\u0171m\u0171szer gy\u00e1rt\u00e1s \u00e9s \u00e9rt\u00e9kes\u00edt\u00e9s","publisher":{"@id":"https:\/\/kmgy.hu\/en\/#organization"},"potentialAction":[{"@type":"SearchAction","target":{"@type":"EntryPoint","urlTemplate":"https:\/\/kmgy.hu\/en\/?s={search_term_string}"},"query-input":{"@type":"PropertyValueSpecification","valueRequired":true,"valueName":"search_term_string"}}],"inLanguage":"en-US"},{"@type":"Organization","@id":"https:\/\/kmgy.hu\/en\/#organization","name":"KMGY LTD.","url":"https:\/\/kmgy.hu\/en\/","logo":{"@type":"ImageObject","inLanguage":"en-US","@id":"https:\/\/kmgy.hu\/en\/#\/schema\/logo\/image\/","url":"https:\/\/kmgy.hu\/wp-content\/uploads\/2024\/02\/logo2.bmp","contentUrl":"https:\/\/kmgy.hu\/wp-content\/uploads\/2024\/02\/logo2.bmp","width":302,"height":132,"caption":"KMGY LTD."},"image":{"@id":"https:\/\/kmgy.hu\/en\/#\/schema\/logo\/image\/"},"sameAs":["https:\/\/www.facebook.com\/KmgyZrt\/"]}]}},"_links":{"self":[{"href":"https:\/\/kmgy.hu\/en\/wp-json\/wp\/v2\/pages\/122515","targetHints":{"allow":["GET"]}}],"collection":[{"href":"https:\/\/kmgy.hu\/en\/wp-json\/wp\/v2\/pages"}],"about":[{"href":"https:\/\/kmgy.hu\/en\/wp-json\/wp\/v2\/types\/page"}],"author":[{"embeddable":true,"href":"https:\/\/kmgy.hu\/en\/wp-json\/wp\/v2\/users\/3"}],"replies":[{"embeddable":true,"href":"https:\/\/kmgy.hu\/en\/wp-json\/wp\/v2\/comments?post=122515"}],"version-history":[{"count":0,"href":"https:\/\/kmgy.hu\/en\/wp-json\/wp\/v2\/pages\/122515\/revisions"}],"wp:attachment":[{"href":"https:\/\/kmgy.hu\/en\/wp-json\/wp\/v2\/media?parent=122515"}],"curies":[{"name":"wp","href":"https:\/\/api.w.org\/{rel}","templated":true}]}}