{"id":124324,"date":"2020-07-15T13:01:27","date_gmt":"2020-07-15T13:01:27","guid":{"rendered":"https:\/\/kmgy.hu\/?page_id=124324"},"modified":"2024-02-16T10:15:05","modified_gmt":"2024-02-16T08:15:05","slug":"support","status":"publish","type":"page","link":"https:\/\/kmgy.hu\/en\/support\/","title":{"rendered":"Support"},"content":{"rendered":"<p>[vc_row css_animation=&#8221;&#8221; row_type=&#8221;row&#8221; use_row_as_full_screen_section=&#8221;no&#8221; type=&#8221;full_width&#8221; angled_section=&#8221;no&#8221; text_align=&#8221;left&#8221; background_image_as_pattern=&#8221;without_pattern&#8221; side_padding=&#8221;119px&#8221; padding_top=&#8221;87px&#8221; z_index=&#8221;&#8221; css=&#8221;.vc_custom_1520935735076{padding-top: 15px !important;padding-bottom: 35px !important;}&#8221;][vc_column][vc_empty_space height=&#8221;64px&#8221;][vc_column_text]<\/p>\n<h1 style=\"text-align: center;\">SUPPORT<\/h1>\n<p>[\/vc_column_text][vc_empty_space height=&#8221;16px&#8221;][vc_separator type=&#8221;normal&#8221; color=&#8221;#898989&#8243;][vc_empty_space][vc_column_text]<\/p>\n<h3>DOWNLOADS<img loading=\"lazy\" decoding=\"async\" class=\"size-full wp-image-122199 alignleft\" src=\"https:\/\/kmgy.hu\/wp-content\/uploads\/2019\/01\/pdf.jpg\" alt=\"\" width=\"100\" height=\"100\" srcset=\"https:\/\/kmgy.hu\/wp-content\/uploads\/2019\/01\/pdf.jpg 100w, https:\/\/kmgy.hu\/wp-content\/uploads\/2019\/01\/pdf-64x64.jpg 64w\" sizes=\"auto, (max-width: 100px) 100vw, 100px\" \/><\/h3>\n<p>[\/vc_column_text][vc_empty_space height=&#8221;64px&#8221;][\/vc_column][\/vc_row][vc_row css_animation=&#8221;&#8221; row_type=&#8221;row&#8221; use_row_as_full_screen_section=&#8221;no&#8221; type=&#8221;full_width&#8221; angled_section=&#8221;no&#8221; text_align=&#8221;left&#8221; background_image_as_pattern=&#8221;without_pattern&#8221; side_padding=&#8221;119px&#8221; padding_top=&#8221;87px&#8221; z_index=&#8221;&#8221; css=&#8221;.vc_custom_1520935735076{padding-top: 15px !important;padding-bottom: 35px !important;}&#8221;][vc_column width=&#8221;1\/3&#8243;][mvc_advanced_button btn_text=&#8221;Pressure sensor&#8221; btn_url=&#8221;url:https%3A%2F%2Fkmgy.hu%2Fdocuments%2FPressure_sensor.pdf||target:%20_blank|&#8221; btn_bg=&#8221;#b2b2b2&#8243;][\/vc_column][vc_column width=&#8221;1\/3&#8243;][mvc_advanced_button btn_text=&#8221;Temperature sensor&#8221; btn_url=&#8221;url:https%3A%2F%2Fkmgy.hu%2Fdocuments%2FTemperature_sensor.pdf||target:%20_blank|&#8221; btn_bg=&#8221;#b2b2b2&#8243;][\/vc_column][vc_column width=&#8221;1\/3&#8243;][mvc_advanced_button btn_text=&#8221;OEM List&#8221; btn_url=&#8221;url:https%3A%2F%2Fkmgy.hu%2Fdocuments%2FCROSSREFERENCELIST.pdf||target:%20_blank|&#8221; caption_url=&#8221;&#8221; caption_urls=&#8221;&#8221; caption_urlss=&#8221;&#8221; btn_bg=&#8221;#b2b2b2&#8243;][\/vc_column][\/vc_row][vc_row css_animation=&#8221;&#8221; row_type=&#8221;row&#8221; use_row_as_full_screen_section=&#8221;no&#8221; type=&#8221;full_width&#8221; angled_section=&#8221;no&#8221; text_align=&#8221;left&#8221; background_image_as_pattern=&#8221;without_pattern&#8221; side_padding=&#8221;119px&#8221; padding_top=&#8221;87px&#8221; z_index=&#8221;&#8221; css=&#8221;.vc_custom_1520935735076{padding-top: 15px !important;padding-bottom: 35px !important;}&#8221;][vc_column][vc_empty_space height=&#8221;64px&#8221;][vc_separator type=&#8221;normal&#8221; color=&#8221;#383838&#8243;][vc_column_text]<\/p>\n<h2 style=\"text-align: center;\">TRABANT &#8211; WARTBURG combined instrument<\/h2>\n<p>&nbsp;<\/p>\n<h3 style=\"text-align: center;\">Choosing the right type<\/h3>\n<p>&nbsp;<\/p>\n<p>You can select the right instrument for your vehicle based on the following:<\/p>\n<p>&#8211; Trabant 1.1 or Wartburg 1.3 with 4 cylinder \/ 4 stroke engine: <strong>38020463001<\/strong><\/p>\n<p>&#8211; Wartburg 353 or Barkas B1000 with 3 cylinder \/ 2 stroke engine:<\/p>\n<p style=\"padding-left: 40px;\">&#8211; If you can see the &#8216;KMGY&#8217; logo and\/or &#8216;38004736001&#8217; number on the hexagon of temperature sensor: <strong>38020463003<\/strong><\/p>\n<p style=\"padding-left: 40px;\">&#8211; If you can not see the mentioned markings on the temperature sensor, measure the resistance between the connector and the hexagon of the temperature sensor at working condition (min. 80\u00b0C):<\/p>\n<p style=\"padding-left: 80px;\">&#8211; the resistance is under 100 ohms: <strong>38020463002<\/strong><\/p>\n<p style=\"padding-left: 80px;\">&#8211; the resistance is over 100 ohms: <strong>38020463004<\/strong><\/p>\n<p style=\"padding-left: 40px;\">Be careful! Stop the engine before testing! The surfaces are hot!<\/p>\n<p style=\"padding-left: 40px;\">You can find the temperature sensor next to the middle spark plug.<\/p>\n<p>[\/vc_column_text][\/vc_column][\/vc_row]<\/p>\n","protected":false},"excerpt":{"rendered":"<p>[vc_row css_animation=&#8221;&#8221; row_type=&#8221;row&#8221; use_row_as_full_screen_section=&#8221;no&#8221; type=&#8221;full_width&#8221; angled_section=&#8221;no&#8221; text_align=&#8221;left&#8221; background_image_as_pattern=&#8221;without_pattern&#8221; side_padding=&#8221;119px&#8221; padding_top=&#8221;87px&#8221; z_index=&#8221;&#8221; css=&#8221;.vc_custom_1520935735076{padding-top: 15px !important;padding-bottom: 35px !important;}&#8221;][vc_column][vc_empty_space height=&#8221;64px&#8221;][vc_column_text] SUPPORT [\/vc_column_text][vc_empty_space height=&#8221;16px&#8221;][vc_separator type=&#8221;normal&#8221; color=&#8221;#898989&#8243;][vc_empty_space][vc_column_text] DOWNLOADS [\/vc_column_text][vc_empty_space height=&#8221;64px&#8221;][\/vc_column][\/vc_row][vc_row css_animation=&#8221;&#8221; row_type=&#8221;row&#8221; use_row_as_full_screen_section=&#8221;no&#8221; type=&#8221;full_width&#8221; angled_section=&#8221;no&#8221; text_align=&#8221;left&#8221; background_image_as_pattern=&#8221;without_pattern&#8221; side_padding=&#8221;119px&#8221; padding_top=&#8221;87px&#8221; z_index=&#8221;&#8221; css=&#8221;.vc_custom_1520935735076{padding-top: 15px !important;padding-bottom: 35px !important;}&#8221;][vc_column width=&#8221;1\/3&#8243;][mvc_advanced_button btn_text=&#8221;Pressure sensor&#8221; btn_url=&#8221;url:https%3A%2F%2Fkmgy.hu%2Fdocuments%2FPressure_sensor.pdf||target:%20_blank|&#8221; btn_bg=&#8221;#b2b2b2&#8243;][\/vc_column][vc_column&#8230;<\/p>\n","protected":false},"author":3,"featured_media":0,"parent":0,"menu_order":0,"comment_status":"closed","ping_status":"closed","template":"","meta":{"footnotes":""},"class_list":["post-124324","page","type-page","status-publish","hentry"],"yoast_head":"<!-- This site is optimized with the Yoast SEO plugin v27.5 - https:\/\/yoast.com\/product\/yoast-seo-wordpress\/ -->\n<title>Support &#8226; KMGY Ltd.<\/title>\n<meta name=\"description\" content=\"Support\" \/>\n<meta name=\"robots\" content=\"index, follow, max-snippet:-1, max-image-preview:large, max-video-preview:-1\" \/>\n<link rel=\"canonical\" href=\"https:\/\/kmgy.hu\/en\/support\/\" \/>\n<meta property=\"og:locale\" content=\"en_US\" \/>\n<meta property=\"og:type\" content=\"article\" \/>\n<meta property=\"og:title\" content=\"Support &#8226; KMGY Ltd.\" \/>\n<meta property=\"og:description\" content=\"Support\" \/>\n<meta property=\"og:url\" content=\"https:\/\/kmgy.hu\/en\/support\/\" \/>\n<meta property=\"og:site_name\" content=\"KMGY Ltd.\" \/>\n<meta property=\"article:publisher\" content=\"https:\/\/www.facebook.com\/KmgyZrt\/\" \/>\n<meta property=\"article:modified_time\" content=\"2024-02-16T08:15:05+00:00\" \/>\n<meta property=\"og:image\" content=\"https:\/\/kmgy.hu\/wp-content\/uploads\/2019\/01\/pdf.jpg\" \/>\n<meta name=\"twitter:card\" content=\"summary_large_image\" \/>\n<meta name=\"twitter:label1\" content=\"Est. reading time\" \/>\n\t<meta name=\"twitter:data1\" content=\"2 minutes\" \/>\n<script type=\"application\/ld+json\" class=\"yoast-schema-graph\">{\"@context\":\"https:\\\/\\\/schema.org\",\"@graph\":[{\"@type\":\"WebPage\",\"@id\":\"https:\\\/\\\/kmgy.hu\\\/en\\\/support\\\/\",\"url\":\"https:\\\/\\\/kmgy.hu\\\/en\\\/support\\\/\",\"name\":\"Support &#8226; KMGY Ltd.\",\"isPartOf\":{\"@id\":\"https:\\\/\\\/kmgy.hu\\\/en\\\/#website\"},\"primaryImageOfPage\":{\"@id\":\"https:\\\/\\\/kmgy.hu\\\/en\\\/support\\\/#primaryimage\"},\"image\":{\"@id\":\"https:\\\/\\\/kmgy.hu\\\/support\\\/#primaryimage\"},\"thumbnailUrl\":\"https:\\\/\\\/kmgy.hu\\\/wp-content\\\/uploads\\\/2019\\\/01\\\/pdf.jpg\",\"datePublished\":\"2020-07-15T13:01:27+00:00\",\"dateModified\":\"2024-02-16T08:15:05+00:00\",\"description\":\"Support\",\"breadcrumb\":{\"@id\":\"https:\\\/\\\/kmgy.hu\\\/en\\\/support\\\/#breadcrumb\"},\"inLanguage\":\"en-US\",\"potentialAction\":[{\"@type\":\"ReadAction\",\"target\":[[\"https:\\\/\\\/kmgy.hu\\\/en\\\/support\\\/\"]]}]},{\"@type\":\"ImageObject\",\"inLanguage\":\"en-US\",\"@id\":\"https:\\\/\\\/kmgy.hu\\\/en\\\/support\\\/#primaryimage\",\"url\":\"https:\\\/\\\/kmgy.hu\\\/wp-content\\\/uploads\\\/2019\\\/01\\\/pdf.jpg\",\"contentUrl\":\"https:\\\/\\\/kmgy.hu\\\/wp-content\\\/uploads\\\/2019\\\/01\\\/pdf.jpg\"},{\"@type\":\"BreadcrumbList\",\"@id\":\"https:\\\/\\\/kmgy.hu\\\/en\\\/support\\\/#breadcrumb\",\"itemListElement\":[{\"@type\":\"ListItem\",\"position\":1,\"name\":\"Home\",\"item\":\"https:\\\/\\\/kmgy.hu\\\/en\\\/\"},{\"@type\":\"ListItem\",\"position\":2,\"name\":\"T\u00e1mogat\u00e1s\"}]},{\"@type\":\"WebSite\",\"@id\":\"https:\\\/\\\/kmgy.hu\\\/en\\\/#website\",\"url\":\"https:\\\/\\\/kmgy.hu\\\/en\\\/\",\"name\":\"KMGY Ltd.\",\"description\":\"J\u00e1rm\u0171m\u0171szer gy\u00e1rt\u00e1s \u00e9s \u00e9rt\u00e9kes\u00edt\u00e9s\",\"publisher\":{\"@id\":\"https:\\\/\\\/kmgy.hu\\\/en\\\/#organization\"},\"potentialAction\":[{\"@type\":\"SearchAction\",\"target\":{\"@type\":\"EntryPoint\",\"urlTemplate\":\"https:\\\/\\\/kmgy.hu\\\/en\\\/?s={search_term_string}\"},\"query-input\":{\"@type\":\"PropertyValueSpecification\",\"valueRequired\":true,\"valueName\":\"search_term_string\"}}],\"inLanguage\":\"en-US\"},{\"@type\":\"Organization\",\"@id\":\"https:\\\/\\\/kmgy.hu\\\/en\\\/#organization\",\"name\":\"KMGY LTD.\",\"url\":\"https:\\\/\\\/kmgy.hu\\\/en\\\/\",\"logo\":{\"@type\":\"ImageObject\",\"inLanguage\":\"en-US\",\"@id\":\"https:\\\/\\\/kmgy.hu\\\/en\\\/#\\\/schema\\\/logo\\\/image\\\/\",\"url\":\"https:\\\/\\\/kmgy.hu\\\/wp-content\\\/uploads\\\/2024\\\/02\\\/logo2.bmp\",\"contentUrl\":\"https:\\\/\\\/kmgy.hu\\\/wp-content\\\/uploads\\\/2024\\\/02\\\/logo2.bmp\",\"width\":302,\"height\":132,\"caption\":\"KMGY LTD.\"},\"image\":{\"@id\":\"https:\\\/\\\/kmgy.hu\\\/en\\\/#\\\/schema\\\/logo\\\/image\\\/\"},\"sameAs\":[\"https:\\\/\\\/www.facebook.com\\\/KmgyZrt\\\/\"]}]}<\/script>\n<!-- \/ Yoast SEO plugin. -->","yoast_head_json":{"title":"Support &#8226; KMGY Ltd.","description":"Support","robots":{"index":"index","follow":"follow","max-snippet":"max-snippet:-1","max-image-preview":"max-image-preview:large","max-video-preview":"max-video-preview:-1"},"canonical":"https:\/\/kmgy.hu\/en\/support\/","og_locale":"en_US","og_type":"article","og_title":"Support &#8226; KMGY Ltd.","og_description":"Support","og_url":"https:\/\/kmgy.hu\/en\/support\/","og_site_name":"KMGY Ltd.","article_publisher":"https:\/\/www.facebook.com\/KmgyZrt\/","article_modified_time":"2024-02-16T08:15:05+00:00","og_image":[{"url":"https:\/\/kmgy.hu\/wp-content\/uploads\/2019\/01\/pdf.jpg","type":"","width":"","height":""}],"twitter_card":"summary_large_image","twitter_misc":{"Est. reading time":"2 minutes"},"schema":{"@context":"https:\/\/schema.org","@graph":[{"@type":"WebPage","@id":"https:\/\/kmgy.hu\/en\/support\/","url":"https:\/\/kmgy.hu\/en\/support\/","name":"Support &#8226; KMGY Ltd.","isPartOf":{"@id":"https:\/\/kmgy.hu\/en\/#website"},"primaryImageOfPage":{"@id":"https:\/\/kmgy.hu\/en\/support\/#primaryimage"},"image":{"@id":"https:\/\/kmgy.hu\/support\/#primaryimage"},"thumbnailUrl":"https:\/\/kmgy.hu\/wp-content\/uploads\/2019\/01\/pdf.jpg","datePublished":"2020-07-15T13:01:27+00:00","dateModified":"2024-02-16T08:15:05+00:00","description":"Support","breadcrumb":{"@id":"https:\/\/kmgy.hu\/en\/support\/#breadcrumb"},"inLanguage":"en-US","potentialAction":[{"@type":"ReadAction","target":[["https:\/\/kmgy.hu\/en\/support\/"]]}]},{"@type":"ImageObject","inLanguage":"en-US","@id":"https:\/\/kmgy.hu\/en\/support\/#primaryimage","url":"https:\/\/kmgy.hu\/wp-content\/uploads\/2019\/01\/pdf.jpg","contentUrl":"https:\/\/kmgy.hu\/wp-content\/uploads\/2019\/01\/pdf.jpg"},{"@type":"BreadcrumbList","@id":"https:\/\/kmgy.hu\/en\/support\/#breadcrumb","itemListElement":[{"@type":"ListItem","position":1,"name":"Home","item":"https:\/\/kmgy.hu\/en\/"},{"@type":"ListItem","position":2,"name":"T\u00e1mogat\u00e1s"}]},{"@type":"WebSite","@id":"https:\/\/kmgy.hu\/en\/#website","url":"https:\/\/kmgy.hu\/en\/","name":"KMGY Ltd.","description":"J\u00e1rm\u0171m\u0171szer gy\u00e1rt\u00e1s \u00e9s \u00e9rt\u00e9kes\u00edt\u00e9s","publisher":{"@id":"https:\/\/kmgy.hu\/en\/#organization"},"potentialAction":[{"@type":"SearchAction","target":{"@type":"EntryPoint","urlTemplate":"https:\/\/kmgy.hu\/en\/?s={search_term_string}"},"query-input":{"@type":"PropertyValueSpecification","valueRequired":true,"valueName":"search_term_string"}}],"inLanguage":"en-US"},{"@type":"Organization","@id":"https:\/\/kmgy.hu\/en\/#organization","name":"KMGY LTD.","url":"https:\/\/kmgy.hu\/en\/","logo":{"@type":"ImageObject","inLanguage":"en-US","@id":"https:\/\/kmgy.hu\/en\/#\/schema\/logo\/image\/","url":"https:\/\/kmgy.hu\/wp-content\/uploads\/2024\/02\/logo2.bmp","contentUrl":"https:\/\/kmgy.hu\/wp-content\/uploads\/2024\/02\/logo2.bmp","width":302,"height":132,"caption":"KMGY LTD."},"image":{"@id":"https:\/\/kmgy.hu\/en\/#\/schema\/logo\/image\/"},"sameAs":["https:\/\/www.facebook.com\/KmgyZrt\/"]}]}},"_links":{"self":[{"href":"https:\/\/kmgy.hu\/en\/wp-json\/wp\/v2\/pages\/124324","targetHints":{"allow":["GET"]}}],"collection":[{"href":"https:\/\/kmgy.hu\/en\/wp-json\/wp\/v2\/pages"}],"about":[{"href":"https:\/\/kmgy.hu\/en\/wp-json\/wp\/v2\/types\/page"}],"author":[{"embeddable":true,"href":"https:\/\/kmgy.hu\/en\/wp-json\/wp\/v2\/users\/3"}],"replies":[{"embeddable":true,"href":"https:\/\/kmgy.hu\/en\/wp-json\/wp\/v2\/comments?post=124324"}],"version-history":[{"count":0,"href":"https:\/\/kmgy.hu\/en\/wp-json\/wp\/v2\/pages\/124324\/revisions"}],"wp:attachment":[{"href":"https:\/\/kmgy.hu\/en\/wp-json\/wp\/v2\/media?parent=124324"}],"curies":[{"name":"wp","href":"https:\/\/api.w.org\/{rel}","templated":true}]}}