{"id":126358,"date":"2025-09-25T15:18:37","date_gmt":"2025-09-25T13:18:37","guid":{"rendered":"https:\/\/kmgy.hu\/?page_id=126358"},"modified":"2025-09-25T16:16:12","modified_gmt":"2025-09-25T14:16:12","slug":"skate","status":"publish","type":"page","link":"https:\/\/kmgy.hu\/en\/skate\/","title":{"rendered":"skate"},"content":{"rendered":"<p>[vc_row css_animation=&#8221;&#8221; row_type=&#8221;row&#8221; use_row_as_full_screen_section=&#8221;no&#8221; type=&#8221;full_width&#8221; angled_section=&#8221;no&#8221; text_align=&#8221;left&#8221; background_image_as_pattern=&#8221;without_pattern&#8221;][vc_column][vc_empty_space height=&#8221;96px&#8221;][vc_column_text]<\/p>\n<h1 style=\"text-align: center;\">Roller Skate<\/h1>\n<p>[\/vc_column_text][vc_column_text]<\/p>\n<h4 style=\"text-align: center;\">Coming soon<\/h4>\n<p>[\/vc_column_text][\/vc_column][\/vc_row][vc_row css_animation=&#8221;&#8221; row_type=&#8221;row&#8221; use_row_as_full_screen_section=&#8221;no&#8221; type=&#8221;full_width&#8221; angled_section=&#8221;no&#8221; text_align=&#8221;left&#8221; background_image_as_pattern=&#8221;without_pattern&#8221;][vc_column width=&#8221;1\/2&#8243;][vc_single_image image=&#8221;126355&#8243; img_size=&#8221;medium&#8221; alignment=&#8221;center&#8221; qode_css_animation=&#8221;&#8221;][\/vc_column][vc_column width=&#8221;1\/2&#8243;][vc_column_text]<\/p>\n<h5 style=\"text-align: center;\"><span style=\"font-family: Arial, sans-serif;\"><span style=\"font-size: small;\"><span style=\"color: #252525;\">Universal roller skate<\/span><\/span><\/span><\/h5>\n<p align=\"justify\"><span style=\"font-family: Arial, sans-serif;\"><span style=\"font-size: small;\"><span style=\"color: #252525;\">The novelty Of Viiroll rollerblades is its unique V-shaped mounted wheels, which provides faster speed with less effort combined with better manoeuvrability. The bigger diameter wheels provide smoother runs and better speed due to less friction. The centre of gravity placed on the heels will create a negative toe; therefore the wheels are generating a braking effect. Also the design takes of the workload of the ankles, as the rollerskate has a more stable stance; therefore it&#8217;s easier to learn to use, safer as less likely for the user to lose the balance on it. Also using different wheel types is provides a more varity of terrain use, such as on asphalt roads, dirt roads or even on ice. Also suitable for hobby or professional users. (roller-hockey, aggressive, and speed skate).<\/span><\/span><\/span><\/p>\n<p>[\/vc_column_text][\/vc_column][\/vc_row]<\/p>\n","protected":false},"excerpt":{"rendered":"<p>[vc_row css_animation=&#8221;&#8221; row_type=&#8221;row&#8221; use_row_as_full_screen_section=&#8221;no&#8221; type=&#8221;full_width&#8221; angled_section=&#8221;no&#8221; text_align=&#8221;left&#8221; background_image_as_pattern=&#8221;without_pattern&#8221;][vc_column][vc_empty_space height=&#8221;96px&#8221;][vc_column_text] Roller Skate [\/vc_column_text][vc_column_text] Coming soon [\/vc_column_text][\/vc_column][\/vc_row][vc_row css_animation=&#8221;&#8221; row_type=&#8221;row&#8221; use_row_as_full_screen_section=&#8221;no&#8221; type=&#8221;full_width&#8221; angled_section=&#8221;no&#8221; text_align=&#8221;left&#8221; background_image_as_pattern=&#8221;without_pattern&#8221;][vc_column width=&#8221;1\/2&#8243;][vc_single_image image=&#8221;126355&#8243; img_size=&#8221;medium&#8221; alignment=&#8221;center&#8221; qode_css_animation=&#8221;&#8221;][\/vc_column][vc_column width=&#8221;1\/2&#8243;][vc_column_text] Universal roller skate The novelty Of Viiroll rollerblades is its unique V-shaped mounted wheels, which provides faster&#8230;<\/p>\n","protected":false},"author":3,"featured_media":0,"parent":0,"menu_order":0,"comment_status":"closed","ping_status":"closed","template":"","meta":{"footnotes":""},"class_list":["post-126358","page","type-page","status-publish","hentry"],"yoast_head":"<!-- This site is optimized with the Yoast SEO plugin v27.4 - https:\/\/yoast.com\/product\/yoast-seo-wordpress\/ -->\n<title>skate &#8226; KMGY Ltd.<\/title>\n<meta name=\"robots\" content=\"index, follow, max-snippet:-1, max-image-preview:large, max-video-preview:-1\" \/>\n<link rel=\"canonical\" href=\"https:\/\/kmgy.hu\/en\/skate\/\" \/>\n<meta property=\"og:locale\" content=\"en_US\" \/>\n<meta property=\"og:type\" content=\"article\" \/>\n<meta property=\"og:title\" content=\"skate &#8226; KMGY Ltd.\" \/>\n<meta property=\"og:description\" content=\"[vc_row css_animation=&#8221;&#8221; row_type=&#8221;row&#8221; use_row_as_full_screen_section=&#8221;no&#8221; type=&#8221;full_width&#8221; angled_section=&#8221;no&#8221; text_align=&#8221;left&#8221; background_image_as_pattern=&#8221;without_pattern&#8221;][vc_column][vc_empty_space height=&#8221;96px&#8221;][vc_column_text] Roller Skate [\/vc_column_text][vc_column_text] Coming soon [\/vc_column_text][\/vc_column][\/vc_row][vc_row css_animation=&#8221;&#8221; row_type=&#8221;row&#8221; use_row_as_full_screen_section=&#8221;no&#8221; type=&#8221;full_width&#8221; angled_section=&#8221;no&#8221; text_align=&#8221;left&#8221; background_image_as_pattern=&#8221;without_pattern&#8221;][vc_column width=&#8221;1\/2&#8243;][vc_single_image image=&#8221;126355&#8243; img_size=&#8221;medium&#8221; alignment=&#8221;center&#8221; qode_css_animation=&#8221;&#8221;][\/vc_column][vc_column width=&#8221;1\/2&#8243;][vc_column_text] Universal roller skate The novelty Of Viiroll rollerblades is its unique V-shaped mounted wheels, which provides faster...\" \/>\n<meta property=\"og:url\" content=\"https:\/\/kmgy.hu\/en\/skate\/\" \/>\n<meta property=\"og:site_name\" content=\"KMGY Ltd.\" \/>\n<meta property=\"article:publisher\" content=\"https:\/\/www.facebook.com\/KmgyZrt\/\" \/>\n<meta property=\"article:modified_time\" content=\"2025-09-25T14:16:12+00:00\" \/>\n<meta name=\"twitter:card\" content=\"summary_large_image\" \/>\n<meta name=\"twitter:label1\" content=\"Est. reading time\" \/>\n\t<meta name=\"twitter:data1\" content=\"1 minute\" \/>\n<script type=\"application\/ld+json\" class=\"yoast-schema-graph\">{\"@context\":\"https:\\\/\\\/schema.org\",\"@graph\":[{\"@type\":\"WebPage\",\"@id\":\"https:\\\/\\\/kmgy.hu\\\/en\\\/skate\\\/\",\"url\":\"https:\\\/\\\/kmgy.hu\\\/en\\\/skate\\\/\",\"name\":\"skate &#8226; KMGY Ltd.\",\"isPartOf\":{\"@id\":\"https:\\\/\\\/kmgy.hu\\\/en\\\/#website\"},\"datePublished\":\"2025-09-25T13:18:37+00:00\",\"dateModified\":\"2025-09-25T14:16:12+00:00\",\"breadcrumb\":{\"@id\":\"https:\\\/\\\/kmgy.hu\\\/en\\\/skate\\\/#breadcrumb\"},\"inLanguage\":\"en-US\",\"potentialAction\":[{\"@type\":\"ReadAction\",\"target\":[[\"https:\\\/\\\/kmgy.hu\\\/en\\\/skate\\\/\"]]}]},{\"@type\":\"BreadcrumbList\",\"@id\":\"https:\\\/\\\/kmgy.hu\\\/en\\\/skate\\\/#breadcrumb\",\"itemListElement\":[{\"@type\":\"ListItem\",\"position\":1,\"name\":\"Home\",\"item\":\"https:\\\/\\\/kmgy.hu\\\/en\\\/\"},{\"@type\":\"ListItem\",\"position\":2,\"name\":\"skate\"}]},{\"@type\":\"WebSite\",\"@id\":\"https:\\\/\\\/kmgy.hu\\\/en\\\/#website\",\"url\":\"https:\\\/\\\/kmgy.hu\\\/en\\\/\",\"name\":\"KMGY Ltd.\",\"description\":\"J\u00e1rm\u0171m\u0171szer gy\u00e1rt\u00e1s \u00e9s \u00e9rt\u00e9kes\u00edt\u00e9s\",\"publisher\":{\"@id\":\"https:\\\/\\\/kmgy.hu\\\/en\\\/#organization\"},\"potentialAction\":[{\"@type\":\"SearchAction\",\"target\":{\"@type\":\"EntryPoint\",\"urlTemplate\":\"https:\\\/\\\/kmgy.hu\\\/en\\\/?s={search_term_string}\"},\"query-input\":{\"@type\":\"PropertyValueSpecification\",\"valueRequired\":true,\"valueName\":\"search_term_string\"}}],\"inLanguage\":\"en-US\"},{\"@type\":\"Organization\",\"@id\":\"https:\\\/\\\/kmgy.hu\\\/en\\\/#organization\",\"name\":\"KMGY LTD.\",\"url\":\"https:\\\/\\\/kmgy.hu\\\/en\\\/\",\"logo\":{\"@type\":\"ImageObject\",\"inLanguage\":\"en-US\",\"@id\":\"https:\\\/\\\/kmgy.hu\\\/en\\\/#\\\/schema\\\/logo\\\/image\\\/\",\"url\":\"https:\\\/\\\/kmgy.hu\\\/wp-content\\\/uploads\\\/2024\\\/02\\\/logo2.bmp\",\"contentUrl\":\"https:\\\/\\\/kmgy.hu\\\/wp-content\\\/uploads\\\/2024\\\/02\\\/logo2.bmp\",\"width\":302,\"height\":132,\"caption\":\"KMGY LTD.\"},\"image\":{\"@id\":\"https:\\\/\\\/kmgy.hu\\\/en\\\/#\\\/schema\\\/logo\\\/image\\\/\"},\"sameAs\":[\"https:\\\/\\\/www.facebook.com\\\/KmgyZrt\\\/\"]}]}<\/script>\n<!-- \/ Yoast SEO plugin. -->","yoast_head_json":{"title":"skate &#8226; KMGY Ltd.","robots":{"index":"index","follow":"follow","max-snippet":"max-snippet:-1","max-image-preview":"max-image-preview:large","max-video-preview":"max-video-preview:-1"},"canonical":"https:\/\/kmgy.hu\/en\/skate\/","og_locale":"en_US","og_type":"article","og_title":"skate &#8226; KMGY Ltd.","og_description":"[vc_row css_animation=&#8221;&#8221; row_type=&#8221;row&#8221; use_row_as_full_screen_section=&#8221;no&#8221; type=&#8221;full_width&#8221; angled_section=&#8221;no&#8221; text_align=&#8221;left&#8221; background_image_as_pattern=&#8221;without_pattern&#8221;][vc_column][vc_empty_space height=&#8221;96px&#8221;][vc_column_text] Roller Skate [\/vc_column_text][vc_column_text] Coming soon [\/vc_column_text][\/vc_column][\/vc_row][vc_row css_animation=&#8221;&#8221; row_type=&#8221;row&#8221; use_row_as_full_screen_section=&#8221;no&#8221; type=&#8221;full_width&#8221; angled_section=&#8221;no&#8221; text_align=&#8221;left&#8221; background_image_as_pattern=&#8221;without_pattern&#8221;][vc_column width=&#8221;1\/2&#8243;][vc_single_image image=&#8221;126355&#8243; img_size=&#8221;medium&#8221; alignment=&#8221;center&#8221; qode_css_animation=&#8221;&#8221;][\/vc_column][vc_column width=&#8221;1\/2&#8243;][vc_column_text] Universal roller skate The novelty Of Viiroll rollerblades is its unique V-shaped mounted wheels, which provides faster...","og_url":"https:\/\/kmgy.hu\/en\/skate\/","og_site_name":"KMGY Ltd.","article_publisher":"https:\/\/www.facebook.com\/KmgyZrt\/","article_modified_time":"2025-09-25T14:16:12+00:00","twitter_card":"summary_large_image","twitter_misc":{"Est. reading time":"1 minute"},"schema":{"@context":"https:\/\/schema.org","@graph":[{"@type":"WebPage","@id":"https:\/\/kmgy.hu\/en\/skate\/","url":"https:\/\/kmgy.hu\/en\/skate\/","name":"skate &#8226; KMGY Ltd.","isPartOf":{"@id":"https:\/\/kmgy.hu\/en\/#website"},"datePublished":"2025-09-25T13:18:37+00:00","dateModified":"2025-09-25T14:16:12+00:00","breadcrumb":{"@id":"https:\/\/kmgy.hu\/en\/skate\/#breadcrumb"},"inLanguage":"en-US","potentialAction":[{"@type":"ReadAction","target":[["https:\/\/kmgy.hu\/en\/skate\/"]]}]},{"@type":"BreadcrumbList","@id":"https:\/\/kmgy.hu\/en\/skate\/#breadcrumb","itemListElement":[{"@type":"ListItem","position":1,"name":"Home","item":"https:\/\/kmgy.hu\/en\/"},{"@type":"ListItem","position":2,"name":"skate"}]},{"@type":"WebSite","@id":"https:\/\/kmgy.hu\/en\/#website","url":"https:\/\/kmgy.hu\/en\/","name":"KMGY Ltd.","description":"J\u00e1rm\u0171m\u0171szer gy\u00e1rt\u00e1s \u00e9s \u00e9rt\u00e9kes\u00edt\u00e9s","publisher":{"@id":"https:\/\/kmgy.hu\/en\/#organization"},"potentialAction":[{"@type":"SearchAction","target":{"@type":"EntryPoint","urlTemplate":"https:\/\/kmgy.hu\/en\/?s={search_term_string}"},"query-input":{"@type":"PropertyValueSpecification","valueRequired":true,"valueName":"search_term_string"}}],"inLanguage":"en-US"},{"@type":"Organization","@id":"https:\/\/kmgy.hu\/en\/#organization","name":"KMGY LTD.","url":"https:\/\/kmgy.hu\/en\/","logo":{"@type":"ImageObject","inLanguage":"en-US","@id":"https:\/\/kmgy.hu\/en\/#\/schema\/logo\/image\/","url":"https:\/\/kmgy.hu\/wp-content\/uploads\/2024\/02\/logo2.bmp","contentUrl":"https:\/\/kmgy.hu\/wp-content\/uploads\/2024\/02\/logo2.bmp","width":302,"height":132,"caption":"KMGY LTD."},"image":{"@id":"https:\/\/kmgy.hu\/en\/#\/schema\/logo\/image\/"},"sameAs":["https:\/\/www.facebook.com\/KmgyZrt\/"]}]}},"_links":{"self":[{"href":"https:\/\/kmgy.hu\/en\/wp-json\/wp\/v2\/pages\/126358","targetHints":{"allow":["GET"]}}],"collection":[{"href":"https:\/\/kmgy.hu\/en\/wp-json\/wp\/v2\/pages"}],"about":[{"href":"https:\/\/kmgy.hu\/en\/wp-json\/wp\/v2\/types\/page"}],"author":[{"embeddable":true,"href":"https:\/\/kmgy.hu\/en\/wp-json\/wp\/v2\/users\/3"}],"replies":[{"embeddable":true,"href":"https:\/\/kmgy.hu\/en\/wp-json\/wp\/v2\/comments?post=126358"}],"version-history":[{"count":0,"href":"https:\/\/kmgy.hu\/en\/wp-json\/wp\/v2\/pages\/126358\/revisions"}],"wp:attachment":[{"href":"https:\/\/kmgy.hu\/en\/wp-json\/wp\/v2\/media?parent=126358"}],"curies":[{"name":"wp","href":"https:\/\/api.w.org\/{rel}","templated":true}]}}