{"id":123666,"date":"2019-06-05T13:22:00","date_gmt":"2019-06-05T11:22:00","guid":{"rendered":"https:\/\/kmgy.hu\/?post_type=product&#038;p=123666"},"modified":"2024-09-04T16:12:01","modified_gmt":"2024-09-04T14:12:01","slug":"38006036513-temperature-sensor","status":"publish","type":"product","link":"https:\/\/kmgy.hu\/en\/termek\/38006036513-temperature-sensor\/","title":{"rendered":"38 0060 36 513 Temperaure sensor 150\u00b0C M12x1.5"},"content":{"rendered":"<p>Temperature sensor<\/p>\n<p>The transmitter is suitable for measuring the temperature of the cooling fluid, the motor oil or the cylinder head. The output resistance is changed proportionally to the temperature of the measured medium.<\/p>\n<p><a href=\"https:\/\/kmgy.hu\/documents\/Temperature_sensor.pdf\" target=\"_blank\" rel=\"noopener noreferrer\"><img loading=\"lazy\" decoding=\"async\" class=\"alignnone wp-image-122199 size-full\" src=\"https:\/\/kmgy.hu\/wp-content\/uploads\/2019\/01\/pdf.jpg\" alt=\"\" width=\"100\" height=\"100\" srcset=\"https:\/\/kmgy.hu\/wp-content\/uploads\/2019\/01\/pdf.jpg 100w, https:\/\/kmgy.hu\/wp-content\/uploads\/2019\/01\/pdf-64x64.jpg 64w\" sizes=\"auto, (max-width: 100px) 100vw, 100px\" \/><\/a><\/p>\n","protected":false},"excerpt":{"rendered":"<p>&nbsp;<\/p>\n<p>BMW: 2 230 283<\/p>\n<p>BMW: 11 65 2 230 283<\/p>\n<p>&nbsp;<\/p>\n<p>Temperaturgeber<\/p>\n<p>Czujnik temperatury<\/p>\n<p>\u010cidlo teplom\u011bru<\/p>\n<p>\u0414\u0430\u0442\u0447\u0438\u043a \u0442\u0435\u043c\u043f\u0435\u0440\u0430\u0442\u0443\u0440\u044b<\/p>\n<p>&nbsp;<\/p>\n<p>&nbsp;<\/p>\n","protected":false},"featured_media":124625,"template":"","meta":[],"product_brand":[],"product_cat":[523,477,36],"product_tag":[],"class_list":{"0":"post-123666","1":"product","2":"type-product","3":"status-publish","4":"has-post-thumbnail","6":"product_cat-sensor-temperature-sender","7":"product_cat-sensor-temperature","8":"product_cat-transmitter","9":"pa_connector-d-6-3-x-0-8","10":"pa_d-6-9","11":"pa_electrical-connection-common-ground","12":"pa_l-1099","13":"pa_range-t-50-150-degree-celsius","14":"pa_thread-m12x1-5","15":"pa_voltage-6-24v","17":"first","18":"instock","19":"taxable","20":"shipping-taxable","21":"purchasable","22":"product-type-simple"},"yoast_head":"<!-- This site is optimized with the Yoast SEO plugin v27.4 - https:\/\/yoast.com\/product\/yoast-seo-wordpress\/ -->\n<title>38 0060 36 513 Temperaure sensor 150\u00b0C M12x1.5 &#8226; KMGY Ltd.<\/title>\n<meta name=\"description\" content=\"The temperature sensor is suitable for measuring the temperature of the cooling fluid, the motor oil or the cylinder head.\" \/>\n<meta name=\"robots\" content=\"index, follow, max-snippet:-1, max-image-preview:large, max-video-preview:-1\" \/>\n<link rel=\"canonical\" href=\"https:\/\/kmgy.hu\/en\/termek\/38006036513-temperature-sensor\/\" \/>\n<meta property=\"og:locale\" content=\"en_US\" \/>\n<meta property=\"og:type\" content=\"article\" \/>\n<meta property=\"og:title\" content=\"38 0060 36 513 Temperaure sensor 150\u00b0C M12x1.5 &#8226; KMGY Ltd.\" \/>\n<meta property=\"og:description\" content=\"The temperature sensor is suitable for measuring the temperature of the cooling fluid, the motor oil or the cylinder head.\" \/>\n<meta property=\"og:url\" content=\"https:\/\/kmgy.hu\/en\/termek\/38006036513-temperature-sensor\/\" \/>\n<meta property=\"og:site_name\" content=\"KMGY Ltd.\" \/>\n<meta property=\"article:publisher\" content=\"https:\/\/www.facebook.com\/KmgyZrt\/\" \/>\n<meta property=\"article:modified_time\" content=\"2024-09-04T14:12:01+00:00\" \/>\n<meta property=\"og:image\" content=\"https:\/\/kmgy.hu\/wp-content\/uploads\/2019\/06\/60_513.jpg\" \/>\n\t<meta property=\"og:image:width\" content=\"600\" \/>\n\t<meta property=\"og:image:height\" content=\"600\" \/>\n\t<meta property=\"og:image:type\" content=\"image\/jpeg\" \/>\n<meta name=\"twitter:card\" content=\"summary_large_image\" \/>\n<meta name=\"twitter:label1\" content=\"Est. reading time\" \/>\n\t<meta name=\"twitter:data1\" content=\"1 minute\" \/>\n<script type=\"application\/ld+json\" class=\"yoast-schema-graph\">{\"@context\":\"https:\\\/\\\/schema.org\",\"@graph\":[{\"@type\":\"WebPage\",\"@id\":\"https:\\\/\\\/kmgy.hu\\\/en\\\/termek\\\/38006036513-temperature-sensor\\\/\",\"url\":\"https:\\\/\\\/kmgy.hu\\\/en\\\/termek\\\/38006036513-temperature-sensor\\\/\",\"name\":\"38 0060 36 513 Temperaure sensor 150\u00b0C M12x1.5 &#8226; KMGY Ltd.\",\"isPartOf\":{\"@id\":\"https:\\\/\\\/kmgy.hu\\\/en\\\/#website\"},\"primaryImageOfPage\":{\"@id\":\"https:\\\/\\\/kmgy.hu\\\/en\\\/termek\\\/38006036513-temperature-sensor\\\/#primaryimage\"},\"image\":{\"@id\":\"https:\\\/\\\/kmgy.hu\\\/termek\\\/38006036513-temperature-sensor\\\/#primaryimage\"},\"thumbnailUrl\":\"https:\\\/\\\/kmgy.hu\\\/wp-content\\\/uploads\\\/2019\\\/06\\\/60_513.jpg\",\"datePublished\":\"2019-06-05T11:22:00+00:00\",\"dateModified\":\"2024-09-04T14:12:01+00:00\",\"description\":\"The temperature sensor is suitable for measuring the temperature of the cooling fluid, the motor oil or the cylinder head.\",\"breadcrumb\":{\"@id\":\"https:\\\/\\\/kmgy.hu\\\/en\\\/termek\\\/38006036513-temperature-sensor\\\/#breadcrumb\"},\"inLanguage\":\"en-US\",\"potentialAction\":[{\"@type\":\"ReadAction\",\"target\":[[\"https:\\\/\\\/kmgy.hu\\\/en\\\/termek\\\/38006036513-temperature-sensor\\\/\"]]}]},{\"@type\":\"ImageObject\",\"inLanguage\":\"en-US\",\"@id\":\"https:\\\/\\\/kmgy.hu\\\/en\\\/termek\\\/38006036513-temperature-sensor\\\/#primaryimage\",\"url\":\"https:\\\/\\\/kmgy.hu\\\/wp-content\\\/uploads\\\/2019\\\/06\\\/60_513.jpg\",\"contentUrl\":\"https:\\\/\\\/kmgy.hu\\\/wp-content\\\/uploads\\\/2019\\\/06\\\/60_513.jpg\",\"width\":600,\"height\":600,\"caption\":\"temperature sensor\"},{\"@type\":\"BreadcrumbList\",\"@id\":\"https:\\\/\\\/kmgy.hu\\\/en\\\/termek\\\/38006036513-temperature-sensor\\\/#breadcrumb\",\"itemListElement\":[{\"@type\":\"ListItem\",\"position\":1,\"name\":\"Home\",\"item\":\"https:\\\/\\\/kmgy.hu\\\/en\\\/\"},{\"@type\":\"ListItem\",\"position\":2,\"name\":\"Shop page\",\"item\":\"https:\\\/\\\/kmgy.hu\\\/en\\\/shoppage\\\/\"},{\"@type\":\"ListItem\",\"position\":3,\"name\":\"38 0060 36 513 H\u0151m\u00e9rs\u00e9klet jelad\u00f3 150\u00b0C M12x1,5\"}]},{\"@type\":\"WebSite\",\"@id\":\"https:\\\/\\\/kmgy.hu\\\/en\\\/#website\",\"url\":\"https:\\\/\\\/kmgy.hu\\\/en\\\/\",\"name\":\"KMGY Ltd.\",\"description\":\"J\u00e1rm\u0171m\u0171szer gy\u00e1rt\u00e1s \u00e9s \u00e9rt\u00e9kes\u00edt\u00e9s\",\"publisher\":{\"@id\":\"https:\\\/\\\/kmgy.hu\\\/en\\\/#organization\"},\"potentialAction\":[{\"@type\":\"SearchAction\",\"target\":{\"@type\":\"EntryPoint\",\"urlTemplate\":\"https:\\\/\\\/kmgy.hu\\\/en\\\/?s={search_term_string}\"},\"query-input\":{\"@type\":\"PropertyValueSpecification\",\"valueRequired\":true,\"valueName\":\"search_term_string\"}}],\"inLanguage\":\"en-US\"},{\"@type\":\"Organization\",\"@id\":\"https:\\\/\\\/kmgy.hu\\\/en\\\/#organization\",\"name\":\"KMGY LTD.\",\"url\":\"https:\\\/\\\/kmgy.hu\\\/en\\\/\",\"logo\":{\"@type\":\"ImageObject\",\"inLanguage\":\"en-US\",\"@id\":\"https:\\\/\\\/kmgy.hu\\\/en\\\/#\\\/schema\\\/logo\\\/image\\\/\",\"url\":\"https:\\\/\\\/kmgy.hu\\\/wp-content\\\/uploads\\\/2024\\\/02\\\/logo2.bmp\",\"contentUrl\":\"https:\\\/\\\/kmgy.hu\\\/wp-content\\\/uploads\\\/2024\\\/02\\\/logo2.bmp\",\"width\":302,\"height\":132,\"caption\":\"KMGY LTD.\"},\"image\":{\"@id\":\"https:\\\/\\\/kmgy.hu\\\/en\\\/#\\\/schema\\\/logo\\\/image\\\/\"},\"sameAs\":[\"https:\\\/\\\/www.facebook.com\\\/KmgyZrt\\\/\"]}]}<\/script>\n<!-- \/ Yoast SEO plugin. -->","yoast_head_json":{"title":"38 0060 36 513 Temperaure sensor 150\u00b0C M12x1.5 &#8226; KMGY Ltd.","description":"The temperature sensor is suitable for measuring the temperature of the cooling fluid, the motor oil or the cylinder head.","robots":{"index":"index","follow":"follow","max-snippet":"max-snippet:-1","max-image-preview":"max-image-preview:large","max-video-preview":"max-video-preview:-1"},"canonical":"https:\/\/kmgy.hu\/en\/termek\/38006036513-temperature-sensor\/","og_locale":"en_US","og_type":"article","og_title":"38 0060 36 513 Temperaure sensor 150\u00b0C M12x1.5 &#8226; KMGY Ltd.","og_description":"The temperature sensor is suitable for measuring the temperature of the cooling fluid, the motor oil or the cylinder head.","og_url":"https:\/\/kmgy.hu\/en\/termek\/38006036513-temperature-sensor\/","og_site_name":"KMGY Ltd.","article_publisher":"https:\/\/www.facebook.com\/KmgyZrt\/","article_modified_time":"2024-09-04T14:12:01+00:00","og_image":[{"width":600,"height":600,"url":"https:\/\/kmgy.hu\/wp-content\/uploads\/2019\/06\/60_513.jpg","type":"image\/jpeg"}],"twitter_card":"summary_large_image","twitter_misc":{"Est. reading time":"1 minute"},"schema":{"@context":"https:\/\/schema.org","@graph":[{"@type":"WebPage","@id":"https:\/\/kmgy.hu\/en\/termek\/38006036513-temperature-sensor\/","url":"https:\/\/kmgy.hu\/en\/termek\/38006036513-temperature-sensor\/","name":"38 0060 36 513 Temperaure sensor 150\u00b0C M12x1.5 &#8226; KMGY Ltd.","isPartOf":{"@id":"https:\/\/kmgy.hu\/en\/#website"},"primaryImageOfPage":{"@id":"https:\/\/kmgy.hu\/en\/termek\/38006036513-temperature-sensor\/#primaryimage"},"image":{"@id":"https:\/\/kmgy.hu\/termek\/38006036513-temperature-sensor\/#primaryimage"},"thumbnailUrl":"https:\/\/kmgy.hu\/wp-content\/uploads\/2019\/06\/60_513.jpg","datePublished":"2019-06-05T11:22:00+00:00","dateModified":"2024-09-04T14:12:01+00:00","description":"The temperature sensor is suitable for measuring the temperature of the cooling fluid, the motor oil or the cylinder head.","breadcrumb":{"@id":"https:\/\/kmgy.hu\/en\/termek\/38006036513-temperature-sensor\/#breadcrumb"},"inLanguage":"en-US","potentialAction":[{"@type":"ReadAction","target":[["https:\/\/kmgy.hu\/en\/termek\/38006036513-temperature-sensor\/"]]}]},{"@type":"ImageObject","inLanguage":"en-US","@id":"https:\/\/kmgy.hu\/en\/termek\/38006036513-temperature-sensor\/#primaryimage","url":"https:\/\/kmgy.hu\/wp-content\/uploads\/2019\/06\/60_513.jpg","contentUrl":"https:\/\/kmgy.hu\/wp-content\/uploads\/2019\/06\/60_513.jpg","width":600,"height":600,"caption":"temperature sensor"},{"@type":"BreadcrumbList","@id":"https:\/\/kmgy.hu\/en\/termek\/38006036513-temperature-sensor\/#breadcrumb","itemListElement":[{"@type":"ListItem","position":1,"name":"Home","item":"https:\/\/kmgy.hu\/en\/"},{"@type":"ListItem","position":2,"name":"Shop page","item":"https:\/\/kmgy.hu\/en\/shoppage\/"},{"@type":"ListItem","position":3,"name":"38 0060 36 513 H\u0151m\u00e9rs\u00e9klet jelad\u00f3 150\u00b0C M12x1,5"}]},{"@type":"WebSite","@id":"https:\/\/kmgy.hu\/en\/#website","url":"https:\/\/kmgy.hu\/en\/","name":"KMGY Ltd.","description":"J\u00e1rm\u0171m\u0171szer gy\u00e1rt\u00e1s \u00e9s \u00e9rt\u00e9kes\u00edt\u00e9s","publisher":{"@id":"https:\/\/kmgy.hu\/en\/#organization"},"potentialAction":[{"@type":"SearchAction","target":{"@type":"EntryPoint","urlTemplate":"https:\/\/kmgy.hu\/en\/?s={search_term_string}"},"query-input":{"@type":"PropertyValueSpecification","valueRequired":true,"valueName":"search_term_string"}}],"inLanguage":"en-US"},{"@type":"Organization","@id":"https:\/\/kmgy.hu\/en\/#organization","name":"KMGY LTD.","url":"https:\/\/kmgy.hu\/en\/","logo":{"@type":"ImageObject","inLanguage":"en-US","@id":"https:\/\/kmgy.hu\/en\/#\/schema\/logo\/image\/","url":"https:\/\/kmgy.hu\/wp-content\/uploads\/2024\/02\/logo2.bmp","contentUrl":"https:\/\/kmgy.hu\/wp-content\/uploads\/2024\/02\/logo2.bmp","width":302,"height":132,"caption":"KMGY LTD."},"image":{"@id":"https:\/\/kmgy.hu\/en\/#\/schema\/logo\/image\/"},"sameAs":["https:\/\/www.facebook.com\/KmgyZrt\/"]}]}},"_links":{"self":[{"href":"https:\/\/kmgy.hu\/en\/wp-json\/wp\/v2\/product\/123666","targetHints":{"allow":["GET"]}}],"collection":[{"href":"https:\/\/kmgy.hu\/en\/wp-json\/wp\/v2\/product"}],"about":[{"href":"https:\/\/kmgy.hu\/en\/wp-json\/wp\/v2\/types\/product"}],"wp:featuredmedia":[{"embeddable":true,"href":"https:\/\/kmgy.hu\/en\/wp-json\/wp\/v2\/media\/124625"}],"wp:attachment":[{"href":"https:\/\/kmgy.hu\/en\/wp-json\/wp\/v2\/media?parent=123666"}],"wp:term":[{"taxonomy":"product_brand","embeddable":true,"href":"https:\/\/kmgy.hu\/en\/wp-json\/wp\/v2\/product_brand?post=123666"},{"taxonomy":"product_cat","embeddable":true,"href":"https:\/\/kmgy.hu\/en\/wp-json\/wp\/v2\/product_cat?post=123666"},{"taxonomy":"product_tag","embeddable":true,"href":"https:\/\/kmgy.hu\/en\/wp-json\/wp\/v2\/product_tag?post=123666"}],"curies":[{"name":"wp","href":"https:\/\/api.w.org\/{rel}","templated":true}]}}