{"id":124006,"date":"2019-11-14T10:58:06","date_gmt":"2019-11-14T08:58:06","guid":{"rendered":"https:\/\/kmgy.hu\/?post_type=product&#038;p=124006"},"modified":"2024-07-31T21:21:30","modified_gmt":"2024-07-31T19:21:30","slug":"38030345002-fuel-level-sensor","status":"publish","type":"product","link":"https:\/\/kmgy.hu\/en\/termek\/38030345002-fuel-level-sensor\/","title":{"rendered":"38 0303 45 002 Fuel level sensor 483mm SDF"},"content":{"rendered":"<p>Fuel level sensor<\/p>\n<p>The transmitter is suitable for indicating the fuel level in the tank of motor vehicle. The output resistance is changed proportionally to the level of the fuel. The transmitter is fitted with suction pipe for connection to the fuel system.<\/p>","protected":false},"excerpt":{"rendered":"<p>&nbsp;<\/p>\n<p>DEUTZ \/ SDF: 04411109<\/p>\n<p>Tankgeber<\/p>\n<p>Tankvlotter<\/p>\n<p>Czujnik poziomu paliwa<\/p>\n","protected":false},"featured_media":124007,"template":"","meta":[],"product_brand":[],"product_cat":[36,853],"product_tag":[],"class_list":{"0":"post-124006","1":"product","2":"type-product","3":"status-publish","4":"has-post-thumbnail","6":"product_cat-transmitter","7":"product_cat-transmitter-fuel-level-sensor-lever-type","8":"pa_connector-amp-superseal-2-pole","9":"pa_electrical-connection-insulated-return","10":"pa_flange-e","11":"pa_h-939","12":"pa_r-1148","13":"pa_t-1128","14":"pa_voltage-6-24v","16":"first","17":"instock","18":"taxable","19":"shipping-taxable","20":"purchasable","21":"product-type-simple"},"yoast_head":"<!-- This site is optimized with the Yoast SEO plugin v27.4 - https:\/\/yoast.com\/product\/yoast-seo-wordpress\/ -->\n<title>38 0303 45 002 Fuel level sensor 483mm SDF &#8226; KMGY Ltd.<\/title>\n<meta name=\"description\" content=\"The fuel level sensor is suitable for indicating the fuel level in the tank of motor vehicle. SDF: 04411109\" \/>\n<meta name=\"robots\" content=\"index, follow, max-snippet:-1, max-image-preview:large, max-video-preview:-1\" \/>\n<link rel=\"canonical\" href=\"https:\/\/kmgy.hu\/en\/termek\/38030345002-fuel-level-sensor\/\" \/>\n<meta property=\"og:locale\" content=\"en_US\" \/>\n<meta property=\"og:type\" content=\"article\" \/>\n<meta property=\"og:title\" content=\"38 0303 45 002 Fuel level sensor 483mm SDF &#8226; KMGY Ltd.\" \/>\n<meta property=\"og:description\" content=\"The fuel level sensor is suitable for indicating the fuel level in the tank of motor vehicle. SDF: 04411109\" \/>\n<meta property=\"og:url\" content=\"https:\/\/kmgy.hu\/en\/termek\/38030345002-fuel-level-sensor\/\" \/>\n<meta property=\"og:site_name\" content=\"KMGY Ltd.\" \/>\n<meta property=\"article:publisher\" content=\"https:\/\/www.facebook.com\/KmgyZrt\/\" \/>\n<meta property=\"article:modified_time\" content=\"2024-07-31T19:21:30+00:00\" \/>\n<meta property=\"og:image\" content=\"https:\/\/kmgy.hu\/wp-content\/uploads\/2019\/11\/38303001.jpg\" \/>\n\t<meta property=\"og:image:width\" content=\"600\" \/>\n\t<meta property=\"og:image:height\" content=\"600\" \/>\n\t<meta property=\"og:image:type\" content=\"image\/jpeg\" \/>\n<meta name=\"twitter:card\" content=\"summary_large_image\" \/>\n<meta name=\"twitter:label1\" content=\"Est. reading time\" \/>\n\t<meta name=\"twitter:data1\" content=\"1 minute\" \/>\n<script type=\"application\/ld+json\" class=\"yoast-schema-graph\">{\"@context\":\"https:\\\/\\\/schema.org\",\"@graph\":[{\"@type\":\"WebPage\",\"@id\":\"https:\\\/\\\/kmgy.hu\\\/en\\\/termek\\\/38030345002-fuel-level-sensor\\\/\",\"url\":\"https:\\\/\\\/kmgy.hu\\\/en\\\/termek\\\/38030345002-fuel-level-sensor\\\/\",\"name\":\"38 0303 45 002 Fuel level sensor 483mm SDF &#8226; KMGY Ltd.\",\"isPartOf\":{\"@id\":\"https:\\\/\\\/kmgy.hu\\\/en\\\/#website\"},\"primaryImageOfPage\":{\"@id\":\"https:\\\/\\\/kmgy.hu\\\/en\\\/termek\\\/38030345002-fuel-level-sensor\\\/#primaryimage\"},\"image\":{\"@id\":\"https:\\\/\\\/kmgy.hu\\\/termek\\\/38030345002-fuel-level-sensor\\\/#primaryimage\"},\"thumbnailUrl\":\"https:\\\/\\\/kmgy.hu\\\/wp-content\\\/uploads\\\/2019\\\/11\\\/38303001.jpg\",\"datePublished\":\"2019-11-14T08:58:06+00:00\",\"dateModified\":\"2024-07-31T19:21:30+00:00\",\"description\":\"The fuel level sensor is suitable for indicating the fuel level in the tank of motor vehicle. SDF: 04411109\",\"breadcrumb\":{\"@id\":\"https:\\\/\\\/kmgy.hu\\\/en\\\/termek\\\/38030345002-fuel-level-sensor\\\/#breadcrumb\"},\"inLanguage\":\"en-US\",\"potentialAction\":[{\"@type\":\"ReadAction\",\"target\":[[\"https:\\\/\\\/kmgy.hu\\\/en\\\/termek\\\/38030345002-fuel-level-sensor\\\/\"]]}]},{\"@type\":\"ImageObject\",\"inLanguage\":\"en-US\",\"@id\":\"https:\\\/\\\/kmgy.hu\\\/en\\\/termek\\\/38030345002-fuel-level-sensor\\\/#primaryimage\",\"url\":\"https:\\\/\\\/kmgy.hu\\\/wp-content\\\/uploads\\\/2019\\\/11\\\/38303001.jpg\",\"contentUrl\":\"https:\\\/\\\/kmgy.hu\\\/wp-content\\\/uploads\\\/2019\\\/11\\\/38303001.jpg\",\"width\":600,\"height\":600,\"caption\":\"fuel level sensor SDF\"},{\"@type\":\"BreadcrumbList\",\"@id\":\"https:\\\/\\\/kmgy.hu\\\/en\\\/termek\\\/38030345002-fuel-level-sensor\\\/#breadcrumb\",\"itemListElement\":[{\"@type\":\"ListItem\",\"position\":1,\"name\":\"Home\",\"item\":\"https:\\\/\\\/kmgy.hu\\\/en\\\/\"},{\"@type\":\"ListItem\",\"position\":2,\"name\":\"Shop page\",\"item\":\"https:\\\/\\\/kmgy.hu\\\/en\\\/shoppage\\\/\"},{\"@type\":\"ListItem\",\"position\":3,\"name\":\"38 0303 45 002 \u00dczemanyagszint jelad\u00f3 483mm SDF\"}]},{\"@type\":\"WebSite\",\"@id\":\"https:\\\/\\\/kmgy.hu\\\/en\\\/#website\",\"url\":\"https:\\\/\\\/kmgy.hu\\\/en\\\/\",\"name\":\"KMGY Ltd.\",\"description\":\"J\u00e1rm\u0171m\u0171szer gy\u00e1rt\u00e1s \u00e9s \u00e9rt\u00e9kes\u00edt\u00e9s\",\"publisher\":{\"@id\":\"https:\\\/\\\/kmgy.hu\\\/en\\\/#organization\"},\"potentialAction\":[{\"@type\":\"SearchAction\",\"target\":{\"@type\":\"EntryPoint\",\"urlTemplate\":\"https:\\\/\\\/kmgy.hu\\\/en\\\/?s={search_term_string}\"},\"query-input\":{\"@type\":\"PropertyValueSpecification\",\"valueRequired\":true,\"valueName\":\"search_term_string\"}}],\"inLanguage\":\"en-US\"},{\"@type\":\"Organization\",\"@id\":\"https:\\\/\\\/kmgy.hu\\\/en\\\/#organization\",\"name\":\"KMGY LTD.\",\"url\":\"https:\\\/\\\/kmgy.hu\\\/en\\\/\",\"logo\":{\"@type\":\"ImageObject\",\"inLanguage\":\"en-US\",\"@id\":\"https:\\\/\\\/kmgy.hu\\\/en\\\/#\\\/schema\\\/logo\\\/image\\\/\",\"url\":\"https:\\\/\\\/kmgy.hu\\\/wp-content\\\/uploads\\\/2024\\\/02\\\/logo2.bmp\",\"contentUrl\":\"https:\\\/\\\/kmgy.hu\\\/wp-content\\\/uploads\\\/2024\\\/02\\\/logo2.bmp\",\"width\":302,\"height\":132,\"caption\":\"KMGY LTD.\"},\"image\":{\"@id\":\"https:\\\/\\\/kmgy.hu\\\/en\\\/#\\\/schema\\\/logo\\\/image\\\/\"},\"sameAs\":[\"https:\\\/\\\/www.facebook.com\\\/KmgyZrt\\\/\"]}]}<\/script>\n<!-- \/ Yoast SEO plugin. -->","yoast_head_json":{"title":"38 0303 45 002 Fuel level sensor 483mm SDF &#8226; KMGY Ltd.","description":"The fuel level sensor is suitable for indicating the fuel level in the tank of motor vehicle. SDF: 04411109","robots":{"index":"index","follow":"follow","max-snippet":"max-snippet:-1","max-image-preview":"max-image-preview:large","max-video-preview":"max-video-preview:-1"},"canonical":"https:\/\/kmgy.hu\/en\/termek\/38030345002-fuel-level-sensor\/","og_locale":"en_US","og_type":"article","og_title":"38 0303 45 002 Fuel level sensor 483mm SDF &#8226; KMGY Ltd.","og_description":"The fuel level sensor is suitable for indicating the fuel level in the tank of motor vehicle. SDF: 04411109","og_url":"https:\/\/kmgy.hu\/en\/termek\/38030345002-fuel-level-sensor\/","og_site_name":"KMGY Ltd.","article_publisher":"https:\/\/www.facebook.com\/KmgyZrt\/","article_modified_time":"2024-07-31T19:21:30+00:00","og_image":[{"width":600,"height":600,"url":"https:\/\/kmgy.hu\/wp-content\/uploads\/2019\/11\/38303001.jpg","type":"image\/jpeg"}],"twitter_card":"summary_large_image","twitter_misc":{"Est. reading time":"1 minute"},"schema":{"@context":"https:\/\/schema.org","@graph":[{"@type":"WebPage","@id":"https:\/\/kmgy.hu\/en\/termek\/38030345002-fuel-level-sensor\/","url":"https:\/\/kmgy.hu\/en\/termek\/38030345002-fuel-level-sensor\/","name":"38 0303 45 002 Fuel level sensor 483mm SDF &#8226; KMGY Ltd.","isPartOf":{"@id":"https:\/\/kmgy.hu\/en\/#website"},"primaryImageOfPage":{"@id":"https:\/\/kmgy.hu\/en\/termek\/38030345002-fuel-level-sensor\/#primaryimage"},"image":{"@id":"https:\/\/kmgy.hu\/termek\/38030345002-fuel-level-sensor\/#primaryimage"},"thumbnailUrl":"https:\/\/kmgy.hu\/wp-content\/uploads\/2019\/11\/38303001.jpg","datePublished":"2019-11-14T08:58:06+00:00","dateModified":"2024-07-31T19:21:30+00:00","description":"The fuel level sensor is suitable for indicating the fuel level in the tank of motor vehicle. SDF: 04411109","breadcrumb":{"@id":"https:\/\/kmgy.hu\/en\/termek\/38030345002-fuel-level-sensor\/#breadcrumb"},"inLanguage":"en-US","potentialAction":[{"@type":"ReadAction","target":[["https:\/\/kmgy.hu\/en\/termek\/38030345002-fuel-level-sensor\/"]]}]},{"@type":"ImageObject","inLanguage":"en-US","@id":"https:\/\/kmgy.hu\/en\/termek\/38030345002-fuel-level-sensor\/#primaryimage","url":"https:\/\/kmgy.hu\/wp-content\/uploads\/2019\/11\/38303001.jpg","contentUrl":"https:\/\/kmgy.hu\/wp-content\/uploads\/2019\/11\/38303001.jpg","width":600,"height":600,"caption":"fuel level sensor SDF"},{"@type":"BreadcrumbList","@id":"https:\/\/kmgy.hu\/en\/termek\/38030345002-fuel-level-sensor\/#breadcrumb","itemListElement":[{"@type":"ListItem","position":1,"name":"Home","item":"https:\/\/kmgy.hu\/en\/"},{"@type":"ListItem","position":2,"name":"Shop page","item":"https:\/\/kmgy.hu\/en\/shoppage\/"},{"@type":"ListItem","position":3,"name":"38 0303 45 002 \u00dczemanyagszint jelad\u00f3 483mm SDF"}]},{"@type":"WebSite","@id":"https:\/\/kmgy.hu\/en\/#website","url":"https:\/\/kmgy.hu\/en\/","name":"KMGY Ltd.","description":"J\u00e1rm\u0171m\u0171szer gy\u00e1rt\u00e1s \u00e9s \u00e9rt\u00e9kes\u00edt\u00e9s","publisher":{"@id":"https:\/\/kmgy.hu\/en\/#organization"},"potentialAction":[{"@type":"SearchAction","target":{"@type":"EntryPoint","urlTemplate":"https:\/\/kmgy.hu\/en\/?s={search_term_string}"},"query-input":{"@type":"PropertyValueSpecification","valueRequired":true,"valueName":"search_term_string"}}],"inLanguage":"en-US"},{"@type":"Organization","@id":"https:\/\/kmgy.hu\/en\/#organization","name":"KMGY LTD.","url":"https:\/\/kmgy.hu\/en\/","logo":{"@type":"ImageObject","inLanguage":"en-US","@id":"https:\/\/kmgy.hu\/en\/#\/schema\/logo\/image\/","url":"https:\/\/kmgy.hu\/wp-content\/uploads\/2024\/02\/logo2.bmp","contentUrl":"https:\/\/kmgy.hu\/wp-content\/uploads\/2024\/02\/logo2.bmp","width":302,"height":132,"caption":"KMGY LTD."},"image":{"@id":"https:\/\/kmgy.hu\/en\/#\/schema\/logo\/image\/"},"sameAs":["https:\/\/www.facebook.com\/KmgyZrt\/"]}]}},"_links":{"self":[{"href":"https:\/\/kmgy.hu\/en\/wp-json\/wp\/v2\/product\/124006","targetHints":{"allow":["GET"]}}],"collection":[{"href":"https:\/\/kmgy.hu\/en\/wp-json\/wp\/v2\/product"}],"about":[{"href":"https:\/\/kmgy.hu\/en\/wp-json\/wp\/v2\/types\/product"}],"wp:featuredmedia":[{"embeddable":true,"href":"https:\/\/kmgy.hu\/en\/wp-json\/wp\/v2\/media\/124007"}],"wp:attachment":[{"href":"https:\/\/kmgy.hu\/en\/wp-json\/wp\/v2\/media?parent=124006"}],"wp:term":[{"taxonomy":"product_brand","embeddable":true,"href":"https:\/\/kmgy.hu\/en\/wp-json\/wp\/v2\/product_brand?post=124006"},{"taxonomy":"product_cat","embeddable":true,"href":"https:\/\/kmgy.hu\/en\/wp-json\/wp\/v2\/product_cat?post=124006"},{"taxonomy":"product_tag","embeddable":true,"href":"https:\/\/kmgy.hu\/en\/wp-json\/wp\/v2\/product_tag?post=124006"}],"curies":[{"name":"wp","href":"https:\/\/api.w.org\/{rel}","templated":true}]}}