{"id":124042,"date":"2019-12-04T12:09:49","date_gmt":"2019-12-04T10:09:49","guid":{"rendered":"https:\/\/kmgy.hu\/?post_type=product&#038;p=124042"},"modified":"2024-12-16T11:48:02","modified_gmt":"2024-12-16T09:48:02","slug":"38023971014-instrument-cluster","status":"publish","type":"product","link":"https:\/\/kmgy.hu\/en\/termek\/38023971014-instrument-cluster\/","title":{"rendered":"38 0239 71 014 Instrument cluster ZETOR"},"content":{"rendered":"<p>Instrument cluster<\/p>\n<p>&nbsp;<\/p>\n","protected":false},"excerpt":{"rendered":"<p>&nbsp;<\/p>\n<p>ZETOR: 16.359.355<\/p>\n<p>Dashboard<\/p>\n<p>&nbsp;<\/p>\n","protected":false},"featured_media":124046,"template":"","meta":[],"product_brand":[],"product_cat":[52,483],"product_tag":[],"class_list":{"0":"post-124042","1":"product","2":"type-product","3":"status-publish","4":"has-post-thumbnail","6":"product_cat-instrument","7":"product_cat-instrument-cluster","8":"pa_connector-amp-mta-156","9":"pa_electrical-connection-insulated-return","10":"pa_voltage-12v","12":"first","13":"outofstock","14":"taxable","15":"shipping-taxable","16":"purchasable","17":"product-type-simple"},"yoast_head":"<!-- This site is optimized with the Yoast SEO plugin v27.4 - https:\/\/yoast.com\/product\/yoast-seo-wordpress\/ -->\n<title>38 0239 71 014 Instrument cluster ZETOR &#8226; KMGY Ltd.<\/title>\n<meta name=\"description\" content=\"Instrument cluster ZETOR 16.359.355\" \/>\n<meta name=\"robots\" content=\"index, follow, max-snippet:-1, max-image-preview:large, max-video-preview:-1\" \/>\n<link rel=\"canonical\" href=\"https:\/\/kmgy.hu\/en\/termek\/38023971014-instrument-cluster\/\" \/>\n<meta property=\"og:locale\" content=\"en_US\" \/>\n<meta property=\"og:type\" content=\"article\" \/>\n<meta property=\"og:title\" content=\"38 0239 71 014 Instrument cluster ZETOR &#8226; KMGY Ltd.\" \/>\n<meta property=\"og:description\" content=\"Instrument cluster ZETOR 16.359.355\" \/>\n<meta property=\"og:url\" content=\"https:\/\/kmgy.hu\/en\/termek\/38023971014-instrument-cluster\/\" \/>\n<meta property=\"og:site_name\" content=\"KMGY Ltd.\" \/>\n<meta property=\"article:publisher\" content=\"https:\/\/www.facebook.com\/KmgyZrt\/\" \/>\n<meta property=\"article:modified_time\" content=\"2024-12-16T09:48:02+00:00\" \/>\n<meta property=\"og:image\" content=\"https:\/\/kmgy.hu\/wp-content\/uploads\/2019\/12\/380239014-1.jpg\" \/>\n\t<meta property=\"og:image:width\" content=\"600\" \/>\n\t<meta property=\"og:image:height\" content=\"600\" \/>\n\t<meta property=\"og:image:type\" content=\"image\/jpeg\" \/>\n<meta name=\"twitter:card\" content=\"summary_large_image\" \/>\n<meta name=\"twitter:label1\" content=\"Est. reading time\" \/>\n\t<meta name=\"twitter:data1\" content=\"1 minute\" \/>\n<script type=\"application\/ld+json\" class=\"yoast-schema-graph\">{\"@context\":\"https:\\\/\\\/schema.org\",\"@graph\":[{\"@type\":\"WebPage\",\"@id\":\"https:\\\/\\\/kmgy.hu\\\/en\\\/termek\\\/38023971014-instrument-cluster\\\/\",\"url\":\"https:\\\/\\\/kmgy.hu\\\/en\\\/termek\\\/38023971014-instrument-cluster\\\/\",\"name\":\"38 0239 71 014 Instrument cluster ZETOR &#8226; KMGY Ltd.\",\"isPartOf\":{\"@id\":\"https:\\\/\\\/kmgy.hu\\\/en\\\/#website\"},\"primaryImageOfPage\":{\"@id\":\"https:\\\/\\\/kmgy.hu\\\/en\\\/termek\\\/38023971014-instrument-cluster\\\/#primaryimage\"},\"image\":{\"@id\":\"https:\\\/\\\/kmgy.hu\\\/termek\\\/38023971014-instrument-cluster\\\/#primaryimage\"},\"thumbnailUrl\":\"https:\\\/\\\/kmgy.hu\\\/wp-content\\\/uploads\\\/2019\\\/12\\\/380239014-1.jpg\",\"datePublished\":\"2019-12-04T10:09:49+00:00\",\"dateModified\":\"2024-12-16T09:48:02+00:00\",\"description\":\"Instrument cluster ZETOR 16.359.355\",\"breadcrumb\":{\"@id\":\"https:\\\/\\\/kmgy.hu\\\/en\\\/termek\\\/38023971014-instrument-cluster\\\/#breadcrumb\"},\"inLanguage\":\"en-US\",\"potentialAction\":[{\"@type\":\"ReadAction\",\"target\":[[\"https:\\\/\\\/kmgy.hu\\\/en\\\/termek\\\/38023971014-instrument-cluster\\\/\"]]}]},{\"@type\":\"ImageObject\",\"inLanguage\":\"en-US\",\"@id\":\"https:\\\/\\\/kmgy.hu\\\/en\\\/termek\\\/38023971014-instrument-cluster\\\/#primaryimage\",\"url\":\"https:\\\/\\\/kmgy.hu\\\/wp-content\\\/uploads\\\/2019\\\/12\\\/380239014-1.jpg\",\"contentUrl\":\"https:\\\/\\\/kmgy.hu\\\/wp-content\\\/uploads\\\/2019\\\/12\\\/380239014-1.jpg\",\"width\":600,\"height\":600,\"caption\":\"instrument cluster ZETOR\"},{\"@type\":\"BreadcrumbList\",\"@id\":\"https:\\\/\\\/kmgy.hu\\\/en\\\/termek\\\/38023971014-instrument-cluster\\\/#breadcrumb\",\"itemListElement\":[{\"@type\":\"ListItem\",\"position\":1,\"name\":\"Home\",\"item\":\"https:\\\/\\\/kmgy.hu\\\/en\\\/\"},{\"@type\":\"ListItem\",\"position\":2,\"name\":\"Shop page\",\"item\":\"https:\\\/\\\/kmgy.hu\\\/en\\\/shoppage\\\/\"},{\"@type\":\"ListItem\",\"position\":3,\"name\":\"38 0239 71 014 M\u0171szerfal ZETOR\"}]},{\"@type\":\"WebSite\",\"@id\":\"https:\\\/\\\/kmgy.hu\\\/en\\\/#website\",\"url\":\"https:\\\/\\\/kmgy.hu\\\/en\\\/\",\"name\":\"KMGY Ltd.\",\"description\":\"J\u00e1rm\u0171m\u0171szer gy\u00e1rt\u00e1s \u00e9s \u00e9rt\u00e9kes\u00edt\u00e9s\",\"publisher\":{\"@id\":\"https:\\\/\\\/kmgy.hu\\\/en\\\/#organization\"},\"potentialAction\":[{\"@type\":\"SearchAction\",\"target\":{\"@type\":\"EntryPoint\",\"urlTemplate\":\"https:\\\/\\\/kmgy.hu\\\/en\\\/?s={search_term_string}\"},\"query-input\":{\"@type\":\"PropertyValueSpecification\",\"valueRequired\":true,\"valueName\":\"search_term_string\"}}],\"inLanguage\":\"en-US\"},{\"@type\":\"Organization\",\"@id\":\"https:\\\/\\\/kmgy.hu\\\/en\\\/#organization\",\"name\":\"KMGY LTD.\",\"url\":\"https:\\\/\\\/kmgy.hu\\\/en\\\/\",\"logo\":{\"@type\":\"ImageObject\",\"inLanguage\":\"en-US\",\"@id\":\"https:\\\/\\\/kmgy.hu\\\/en\\\/#\\\/schema\\\/logo\\\/image\\\/\",\"url\":\"https:\\\/\\\/kmgy.hu\\\/wp-content\\\/uploads\\\/2024\\\/02\\\/logo2.bmp\",\"contentUrl\":\"https:\\\/\\\/kmgy.hu\\\/wp-content\\\/uploads\\\/2024\\\/02\\\/logo2.bmp\",\"width\":302,\"height\":132,\"caption\":\"KMGY LTD.\"},\"image\":{\"@id\":\"https:\\\/\\\/kmgy.hu\\\/en\\\/#\\\/schema\\\/logo\\\/image\\\/\"},\"sameAs\":[\"https:\\\/\\\/www.facebook.com\\\/KmgyZrt\\\/\"]}]}<\/script>\n<!-- \/ Yoast SEO plugin. -->","yoast_head_json":{"title":"38 0239 71 014 Instrument cluster ZETOR &#8226; KMGY Ltd.","description":"Instrument cluster ZETOR 16.359.355","robots":{"index":"index","follow":"follow","max-snippet":"max-snippet:-1","max-image-preview":"max-image-preview:large","max-video-preview":"max-video-preview:-1"},"canonical":"https:\/\/kmgy.hu\/en\/termek\/38023971014-instrument-cluster\/","og_locale":"en_US","og_type":"article","og_title":"38 0239 71 014 Instrument cluster ZETOR &#8226; KMGY Ltd.","og_description":"Instrument cluster ZETOR 16.359.355","og_url":"https:\/\/kmgy.hu\/en\/termek\/38023971014-instrument-cluster\/","og_site_name":"KMGY Ltd.","article_publisher":"https:\/\/www.facebook.com\/KmgyZrt\/","article_modified_time":"2024-12-16T09:48:02+00:00","og_image":[{"width":600,"height":600,"url":"https:\/\/kmgy.hu\/wp-content\/uploads\/2019\/12\/380239014-1.jpg","type":"image\/jpeg"}],"twitter_card":"summary_large_image","twitter_misc":{"Est. reading time":"1 minute"},"schema":{"@context":"https:\/\/schema.org","@graph":[{"@type":"WebPage","@id":"https:\/\/kmgy.hu\/en\/termek\/38023971014-instrument-cluster\/","url":"https:\/\/kmgy.hu\/en\/termek\/38023971014-instrument-cluster\/","name":"38 0239 71 014 Instrument cluster ZETOR &#8226; KMGY Ltd.","isPartOf":{"@id":"https:\/\/kmgy.hu\/en\/#website"},"primaryImageOfPage":{"@id":"https:\/\/kmgy.hu\/en\/termek\/38023971014-instrument-cluster\/#primaryimage"},"image":{"@id":"https:\/\/kmgy.hu\/termek\/38023971014-instrument-cluster\/#primaryimage"},"thumbnailUrl":"https:\/\/kmgy.hu\/wp-content\/uploads\/2019\/12\/380239014-1.jpg","datePublished":"2019-12-04T10:09:49+00:00","dateModified":"2024-12-16T09:48:02+00:00","description":"Instrument cluster ZETOR 16.359.355","breadcrumb":{"@id":"https:\/\/kmgy.hu\/en\/termek\/38023971014-instrument-cluster\/#breadcrumb"},"inLanguage":"en-US","potentialAction":[{"@type":"ReadAction","target":[["https:\/\/kmgy.hu\/en\/termek\/38023971014-instrument-cluster\/"]]}]},{"@type":"ImageObject","inLanguage":"en-US","@id":"https:\/\/kmgy.hu\/en\/termek\/38023971014-instrument-cluster\/#primaryimage","url":"https:\/\/kmgy.hu\/wp-content\/uploads\/2019\/12\/380239014-1.jpg","contentUrl":"https:\/\/kmgy.hu\/wp-content\/uploads\/2019\/12\/380239014-1.jpg","width":600,"height":600,"caption":"instrument cluster ZETOR"},{"@type":"BreadcrumbList","@id":"https:\/\/kmgy.hu\/en\/termek\/38023971014-instrument-cluster\/#breadcrumb","itemListElement":[{"@type":"ListItem","position":1,"name":"Home","item":"https:\/\/kmgy.hu\/en\/"},{"@type":"ListItem","position":2,"name":"Shop page","item":"https:\/\/kmgy.hu\/en\/shoppage\/"},{"@type":"ListItem","position":3,"name":"38 0239 71 014 M\u0171szerfal ZETOR"}]},{"@type":"WebSite","@id":"https:\/\/kmgy.hu\/en\/#website","url":"https:\/\/kmgy.hu\/en\/","name":"KMGY Ltd.","description":"J\u00e1rm\u0171m\u0171szer gy\u00e1rt\u00e1s \u00e9s \u00e9rt\u00e9kes\u00edt\u00e9s","publisher":{"@id":"https:\/\/kmgy.hu\/en\/#organization"},"potentialAction":[{"@type":"SearchAction","target":{"@type":"EntryPoint","urlTemplate":"https:\/\/kmgy.hu\/en\/?s={search_term_string}"},"query-input":{"@type":"PropertyValueSpecification","valueRequired":true,"valueName":"search_term_string"}}],"inLanguage":"en-US"},{"@type":"Organization","@id":"https:\/\/kmgy.hu\/en\/#organization","name":"KMGY LTD.","url":"https:\/\/kmgy.hu\/en\/","logo":{"@type":"ImageObject","inLanguage":"en-US","@id":"https:\/\/kmgy.hu\/en\/#\/schema\/logo\/image\/","url":"https:\/\/kmgy.hu\/wp-content\/uploads\/2024\/02\/logo2.bmp","contentUrl":"https:\/\/kmgy.hu\/wp-content\/uploads\/2024\/02\/logo2.bmp","width":302,"height":132,"caption":"KMGY LTD."},"image":{"@id":"https:\/\/kmgy.hu\/en\/#\/schema\/logo\/image\/"},"sameAs":["https:\/\/www.facebook.com\/KmgyZrt\/"]}]}},"_links":{"self":[{"href":"https:\/\/kmgy.hu\/en\/wp-json\/wp\/v2\/product\/124042","targetHints":{"allow":["GET"]}}],"collection":[{"href":"https:\/\/kmgy.hu\/en\/wp-json\/wp\/v2\/product"}],"about":[{"href":"https:\/\/kmgy.hu\/en\/wp-json\/wp\/v2\/types\/product"}],"wp:featuredmedia":[{"embeddable":true,"href":"https:\/\/kmgy.hu\/en\/wp-json\/wp\/v2\/media\/124046"}],"wp:attachment":[{"href":"https:\/\/kmgy.hu\/en\/wp-json\/wp\/v2\/media?parent=124042"}],"wp:term":[{"taxonomy":"product_brand","embeddable":true,"href":"https:\/\/kmgy.hu\/en\/wp-json\/wp\/v2\/product_brand?post=124042"},{"taxonomy":"product_cat","embeddable":true,"href":"https:\/\/kmgy.hu\/en\/wp-json\/wp\/v2\/product_cat?post=124042"},{"taxonomy":"product_tag","embeddable":true,"href":"https:\/\/kmgy.hu\/en\/wp-json\/wp\/v2\/product_tag?post=124042"}],"curies":[{"name":"wp","href":"https:\/\/api.w.org\/{rel}","templated":true}]}}