{"id":124259,"date":"2020-06-15T14:32:05","date_gmt":"2020-06-15T12:32:05","guid":{"rendered":"https:\/\/kmgy.hu\/?post_type=product&#038;p=124259"},"modified":"2026-04-17T18:38:49","modified_gmt":"2026-04-17T16:38:49","slug":"38020463003-trabant-wartburg-combined-instrument","status":"publish","type":"product","link":"https:\/\/kmgy.hu\/en\/termek\/38020463003-trabant-wartburg-combined-instrument\/","title":{"rendered":"38 0204 63 003 Trabant &#8211; Wartburg combined instrument"},"content":{"rendered":"<p>Trabant &#8211; Wartburg combined instrument<\/p>\n<p><span style=\"color: #ff0000;\"><strong>3 cylinder, 2 stroke<\/strong><\/span><\/p>\n<p><strong>For vehicles which are assembled with KMGY temeprature sonsor (38 0047 36 001)\u00a0 only! The temperature sensor is not included.<\/strong><\/p>\n<p>The instrument is suitable for measuring the rotation speed of the motor crankshaft, the fuel level and the temperature of coolant.<\/p>\n<p style=\"text-align: left;\">Help:\u00a0<a href=\"https:\/\/kmgy.hu\/support\/\">https:\/\/kmgy.hu\/support\/<\/a><\/p>\n<p><a href=\"https:\/\/kmgy.hu\/documents\/A38020463003.pdf\" target=\"_blank\" rel=\"noopener noreferrer\"><img loading=\"lazy\" decoding=\"async\" class=\"aligncenter wp-image-122199 size-full\" src=\"https:\/\/kmgy.hu\/wp-content\/uploads\/2019\/01\/pdf.jpg\" alt=\"\" width=\"100\" height=\"100\" srcset=\"https:\/\/kmgy.hu\/wp-content\/uploads\/2019\/01\/pdf.jpg 100w, https:\/\/kmgy.hu\/wp-content\/uploads\/2019\/01\/pdf-64x64.jpg 64w\" sizes=\"auto, (max-width: 100px) 100vw, 100px\" \/><\/a><\/p>","protected":false},"excerpt":{"rendered":"<p>&nbsp;<\/p>\n<p>Wartburg 353, Barkas B1000<\/p>\n<p>&nbsp;<\/p>\n","protected":false},"featured_media":124233,"template":"","meta":[],"product_brand":[],"product_cat":[52,679,1176],"product_tag":[],"class_list":{"0":"post-124259","1":"product","2":"type-product","3":"status-publish","4":"has-post-thumbnail","6":"product_cat-instrument","7":"product_cat-combined-instrument","8":"product_cat-trabant-wartburg","9":"pa_connector-din-6-3-x6","10":"pa_d-869","11":"pa_electrical-connection-common-ground","12":"pa_motor-3-2","13":"pa_range-f-0-7000-rpm-2","14":"pa_range-t-40-120-degree-celsius","15":"pa_range-level","16":"pa_voltage-12v","18":"first","19":"onbackorder","20":"taxable","21":"shipping-taxable","22":"purchasable","23":"product-type-simple"},"yoast_head":"<!-- This site is optimized with the Yoast SEO plugin v27.5 - https:\/\/yoast.com\/product\/yoast-seo-wordpress\/ -->\n<title>38 0204 63 003 Trabant - Wartburg combined instrument &#8226; KMGY Ltd.<\/title>\n<meta name=\"description\" content=\"The combined instrument is suitable for measuring the rotation speed of the motor crankshaft, the fuel level and the temperature of coolant.\" \/>\n<meta name=\"robots\" content=\"index, follow, max-snippet:-1, max-image-preview:large, max-video-preview:-1\" \/>\n<link rel=\"canonical\" href=\"https:\/\/kmgy.hu\/en\/termek\/38020463003-trabant-wartburg-combined-instrument\/\" \/>\n<meta property=\"og:locale\" content=\"en_US\" \/>\n<meta property=\"og:type\" content=\"article\" \/>\n<meta property=\"og:title\" content=\"38 0204 63 003 Trabant - Wartburg combined instrument &#8226; KMGY Ltd.\" \/>\n<meta property=\"og:description\" content=\"The combined instrument is suitable for measuring the rotation speed of the motor crankshaft, the fuel level and the temperature of coolant.\" \/>\n<meta property=\"og:url\" content=\"https:\/\/kmgy.hu\/en\/termek\/38020463003-trabant-wartburg-combined-instrument\/\" \/>\n<meta property=\"og:site_name\" content=\"KMGY Ltd.\" \/>\n<meta property=\"article:publisher\" content=\"https:\/\/www.facebook.com\/KmgyZrt\/\" \/>\n<meta property=\"article:modified_time\" content=\"2026-04-17T16:38:49+00:00\" \/>\n<meta property=\"og:image\" content=\"https:\/\/kmgy.hu\/wp-content\/uploads\/2020\/05\/380204002.jpg\" \/>\n\t<meta property=\"og:image:width\" content=\"600\" \/>\n\t<meta property=\"og:image:height\" content=\"600\" \/>\n\t<meta property=\"og:image:type\" content=\"image\/jpeg\" \/>\n<meta name=\"twitter:card\" content=\"summary_large_image\" \/>\n<meta name=\"twitter:label1\" content=\"Est. reading time\" \/>\n\t<meta name=\"twitter:data1\" content=\"1 minute\" \/>\n<script type=\"application\/ld+json\" class=\"yoast-schema-graph\">{\"@context\":\"https:\\\/\\\/schema.org\",\"@graph\":[{\"@type\":\"WebPage\",\"@id\":\"https:\\\/\\\/kmgy.hu\\\/en\\\/termek\\\/38020463003-trabant-wartburg-combined-instrument\\\/\",\"url\":\"https:\\\/\\\/kmgy.hu\\\/en\\\/termek\\\/38020463003-trabant-wartburg-combined-instrument\\\/\",\"name\":\"38 0204 63 003 Trabant - Wartburg combined instrument &#8226; KMGY Ltd.\",\"isPartOf\":{\"@id\":\"https:\\\/\\\/kmgy.hu\\\/en\\\/#website\"},\"primaryImageOfPage\":{\"@id\":\"https:\\\/\\\/kmgy.hu\\\/en\\\/termek\\\/38020463003-trabant-wartburg-combined-instrument\\\/#primaryimage\"},\"image\":{\"@id\":\"https:\\\/\\\/kmgy.hu\\\/termek\\\/38020463003-trabant-wartburg-combined-instrument\\\/#primaryimage\"},\"thumbnailUrl\":\"https:\\\/\\\/kmgy.hu\\\/wp-content\\\/uploads\\\/2020\\\/05\\\/380204002.jpg\",\"datePublished\":\"2020-06-15T12:32:05+00:00\",\"dateModified\":\"2026-04-17T16:38:49+00:00\",\"description\":\"The combined instrument is suitable for measuring the rotation speed of the motor crankshaft, the fuel level and the temperature of coolant.\",\"breadcrumb\":{\"@id\":\"https:\\\/\\\/kmgy.hu\\\/en\\\/termek\\\/38020463003-trabant-wartburg-combined-instrument\\\/#breadcrumb\"},\"inLanguage\":\"en-US\",\"potentialAction\":[{\"@type\":\"ReadAction\",\"target\":[[\"https:\\\/\\\/kmgy.hu\\\/en\\\/termek\\\/38020463003-trabant-wartburg-combined-instrument\\\/\"]]}]},{\"@type\":\"ImageObject\",\"inLanguage\":\"en-US\",\"@id\":\"https:\\\/\\\/kmgy.hu\\\/en\\\/termek\\\/38020463003-trabant-wartburg-combined-instrument\\\/#primaryimage\",\"url\":\"https:\\\/\\\/kmgy.hu\\\/wp-content\\\/uploads\\\/2020\\\/05\\\/380204002.jpg\",\"contentUrl\":\"https:\\\/\\\/kmgy.hu\\\/wp-content\\\/uploads\\\/2020\\\/05\\\/380204002.jpg\",\"width\":600,\"height\":600,\"caption\":\"combined instrument Wartburg\"},{\"@type\":\"BreadcrumbList\",\"@id\":\"https:\\\/\\\/kmgy.hu\\\/en\\\/termek\\\/38020463003-trabant-wartburg-combined-instrument\\\/#breadcrumb\",\"itemListElement\":[{\"@type\":\"ListItem\",\"position\":1,\"name\":\"Home\",\"item\":\"https:\\\/\\\/kmgy.hu\\\/en\\\/\"},{\"@type\":\"ListItem\",\"position\":2,\"name\":\"Shop page\",\"item\":\"https:\\\/\\\/kmgy.hu\\\/en\\\/shoppage\\\/\"},{\"@type\":\"ListItem\",\"position\":3,\"name\":\"38 0204 63 003 Trabant &#8211; Wartburg kombin\u00e1lt m\u0171szer\"}]},{\"@type\":\"WebSite\",\"@id\":\"https:\\\/\\\/kmgy.hu\\\/en\\\/#website\",\"url\":\"https:\\\/\\\/kmgy.hu\\\/en\\\/\",\"name\":\"KMGY Ltd.\",\"description\":\"J\u00e1rm\u0171m\u0171szer gy\u00e1rt\u00e1s \u00e9s \u00e9rt\u00e9kes\u00edt\u00e9s\",\"publisher\":{\"@id\":\"https:\\\/\\\/kmgy.hu\\\/en\\\/#organization\"},\"potentialAction\":[{\"@type\":\"SearchAction\",\"target\":{\"@type\":\"EntryPoint\",\"urlTemplate\":\"https:\\\/\\\/kmgy.hu\\\/en\\\/?s={search_term_string}\"},\"query-input\":{\"@type\":\"PropertyValueSpecification\",\"valueRequired\":true,\"valueName\":\"search_term_string\"}}],\"inLanguage\":\"en-US\"},{\"@type\":\"Organization\",\"@id\":\"https:\\\/\\\/kmgy.hu\\\/en\\\/#organization\",\"name\":\"KMGY LTD.\",\"url\":\"https:\\\/\\\/kmgy.hu\\\/en\\\/\",\"logo\":{\"@type\":\"ImageObject\",\"inLanguage\":\"en-US\",\"@id\":\"https:\\\/\\\/kmgy.hu\\\/en\\\/#\\\/schema\\\/logo\\\/image\\\/\",\"url\":\"https:\\\/\\\/kmgy.hu\\\/wp-content\\\/uploads\\\/2024\\\/02\\\/logo2.bmp\",\"contentUrl\":\"https:\\\/\\\/kmgy.hu\\\/wp-content\\\/uploads\\\/2024\\\/02\\\/logo2.bmp\",\"width\":302,\"height\":132,\"caption\":\"KMGY LTD.\"},\"image\":{\"@id\":\"https:\\\/\\\/kmgy.hu\\\/en\\\/#\\\/schema\\\/logo\\\/image\\\/\"},\"sameAs\":[\"https:\\\/\\\/www.facebook.com\\\/KmgyZrt\\\/\"]}]}<\/script>\n<!-- \/ Yoast SEO plugin. -->","yoast_head_json":{"title":"38 0204 63 003 Trabant - Wartburg combined instrument &#8226; KMGY Ltd.","description":"The combined instrument is suitable for measuring the rotation speed of the motor crankshaft, the fuel level and the temperature of coolant.","robots":{"index":"index","follow":"follow","max-snippet":"max-snippet:-1","max-image-preview":"max-image-preview:large","max-video-preview":"max-video-preview:-1"},"canonical":"https:\/\/kmgy.hu\/en\/termek\/38020463003-trabant-wartburg-combined-instrument\/","og_locale":"en_US","og_type":"article","og_title":"38 0204 63 003 Trabant - Wartburg combined instrument &#8226; KMGY Ltd.","og_description":"The combined instrument is suitable for measuring the rotation speed of the motor crankshaft, the fuel level and the temperature of coolant.","og_url":"https:\/\/kmgy.hu\/en\/termek\/38020463003-trabant-wartburg-combined-instrument\/","og_site_name":"KMGY Ltd.","article_publisher":"https:\/\/www.facebook.com\/KmgyZrt\/","article_modified_time":"2026-04-17T16:38:49+00:00","og_image":[{"width":600,"height":600,"url":"https:\/\/kmgy.hu\/wp-content\/uploads\/2020\/05\/380204002.jpg","type":"image\/jpeg"}],"twitter_card":"summary_large_image","twitter_misc":{"Est. reading time":"1 minute"},"schema":{"@context":"https:\/\/schema.org","@graph":[{"@type":"WebPage","@id":"https:\/\/kmgy.hu\/en\/termek\/38020463003-trabant-wartburg-combined-instrument\/","url":"https:\/\/kmgy.hu\/en\/termek\/38020463003-trabant-wartburg-combined-instrument\/","name":"38 0204 63 003 Trabant - Wartburg combined instrument &#8226; KMGY Ltd.","isPartOf":{"@id":"https:\/\/kmgy.hu\/en\/#website"},"primaryImageOfPage":{"@id":"https:\/\/kmgy.hu\/en\/termek\/38020463003-trabant-wartburg-combined-instrument\/#primaryimage"},"image":{"@id":"https:\/\/kmgy.hu\/termek\/38020463003-trabant-wartburg-combined-instrument\/#primaryimage"},"thumbnailUrl":"https:\/\/kmgy.hu\/wp-content\/uploads\/2020\/05\/380204002.jpg","datePublished":"2020-06-15T12:32:05+00:00","dateModified":"2026-04-17T16:38:49+00:00","description":"The combined instrument is suitable for measuring the rotation speed of the motor crankshaft, the fuel level and the temperature of coolant.","breadcrumb":{"@id":"https:\/\/kmgy.hu\/en\/termek\/38020463003-trabant-wartburg-combined-instrument\/#breadcrumb"},"inLanguage":"en-US","potentialAction":[{"@type":"ReadAction","target":[["https:\/\/kmgy.hu\/en\/termek\/38020463003-trabant-wartburg-combined-instrument\/"]]}]},{"@type":"ImageObject","inLanguage":"en-US","@id":"https:\/\/kmgy.hu\/en\/termek\/38020463003-trabant-wartburg-combined-instrument\/#primaryimage","url":"https:\/\/kmgy.hu\/wp-content\/uploads\/2020\/05\/380204002.jpg","contentUrl":"https:\/\/kmgy.hu\/wp-content\/uploads\/2020\/05\/380204002.jpg","width":600,"height":600,"caption":"combined instrument Wartburg"},{"@type":"BreadcrumbList","@id":"https:\/\/kmgy.hu\/en\/termek\/38020463003-trabant-wartburg-combined-instrument\/#breadcrumb","itemListElement":[{"@type":"ListItem","position":1,"name":"Home","item":"https:\/\/kmgy.hu\/en\/"},{"@type":"ListItem","position":2,"name":"Shop page","item":"https:\/\/kmgy.hu\/en\/shoppage\/"},{"@type":"ListItem","position":3,"name":"38 0204 63 003 Trabant &#8211; Wartburg kombin\u00e1lt m\u0171szer"}]},{"@type":"WebSite","@id":"https:\/\/kmgy.hu\/en\/#website","url":"https:\/\/kmgy.hu\/en\/","name":"KMGY Ltd.","description":"J\u00e1rm\u0171m\u0171szer gy\u00e1rt\u00e1s \u00e9s \u00e9rt\u00e9kes\u00edt\u00e9s","publisher":{"@id":"https:\/\/kmgy.hu\/en\/#organization"},"potentialAction":[{"@type":"SearchAction","target":{"@type":"EntryPoint","urlTemplate":"https:\/\/kmgy.hu\/en\/?s={search_term_string}"},"query-input":{"@type":"PropertyValueSpecification","valueRequired":true,"valueName":"search_term_string"}}],"inLanguage":"en-US"},{"@type":"Organization","@id":"https:\/\/kmgy.hu\/en\/#organization","name":"KMGY LTD.","url":"https:\/\/kmgy.hu\/en\/","logo":{"@type":"ImageObject","inLanguage":"en-US","@id":"https:\/\/kmgy.hu\/en\/#\/schema\/logo\/image\/","url":"https:\/\/kmgy.hu\/wp-content\/uploads\/2024\/02\/logo2.bmp","contentUrl":"https:\/\/kmgy.hu\/wp-content\/uploads\/2024\/02\/logo2.bmp","width":302,"height":132,"caption":"KMGY LTD."},"image":{"@id":"https:\/\/kmgy.hu\/en\/#\/schema\/logo\/image\/"},"sameAs":["https:\/\/www.facebook.com\/KmgyZrt\/"]}]}},"_links":{"self":[{"href":"https:\/\/kmgy.hu\/en\/wp-json\/wp\/v2\/product\/124259","targetHints":{"allow":["GET"]}}],"collection":[{"href":"https:\/\/kmgy.hu\/en\/wp-json\/wp\/v2\/product"}],"about":[{"href":"https:\/\/kmgy.hu\/en\/wp-json\/wp\/v2\/types\/product"}],"wp:featuredmedia":[{"embeddable":true,"href":"https:\/\/kmgy.hu\/en\/wp-json\/wp\/v2\/media\/124233"}],"wp:attachment":[{"href":"https:\/\/kmgy.hu\/en\/wp-json\/wp\/v2\/media?parent=124259"}],"wp:term":[{"taxonomy":"product_brand","embeddable":true,"href":"https:\/\/kmgy.hu\/en\/wp-json\/wp\/v2\/product_brand?post=124259"},{"taxonomy":"product_cat","embeddable":true,"href":"https:\/\/kmgy.hu\/en\/wp-json\/wp\/v2\/product_cat?post=124259"},{"taxonomy":"product_tag","embeddable":true,"href":"https:\/\/kmgy.hu\/en\/wp-json\/wp\/v2\/product_tag?post=124259"}],"curies":[{"name":"wp","href":"https:\/\/api.w.org\/{rel}","templated":true}]}}