{"id":126561,"date":"2026-03-16T10:31:31","date_gmt":"2026-03-16T08:31:31","guid":{"rendered":"https:\/\/kmgy.hu\/?post_type=product&#038;p=126561"},"modified":"2026-03-16T10:45:40","modified_gmt":"2026-03-16T08:45:40","slug":"38029725005-oil-pressure-sensor-8bar-m14x1-5","status":"publish","type":"product","link":"https:\/\/kmgy.hu\/en\/termek\/38029725005-oil-pressure-sensor-8bar-m14x1-5\/","title":{"rendered":"38 0297 25 005 Oil pressure sensor 8bar M14x1.5"},"content":{"rendered":"<p>Pressure sensor<\/p>\n<p>The transmitter is suitable for measuring the pressure of the pneumatic system or the motor oil. The output resistance is changed proportionally to the pressure of the measured medium.<\/p>\n<p><a href=\"https:\/\/kmgy.hu\/documents\/Pressure_sensor.pdf\" target=\"_blank\" rel=\"noopener noreferrer\"><img loading=\"lazy\" decoding=\"async\" class=\"alignnone wp-image-122199 size-full\" src=\"https:\/\/kmgy.hu\/wp-content\/uploads\/2019\/01\/pdf.jpg\" alt=\"\" width=\"100\" height=\"100\" srcset=\"https:\/\/kmgy.hu\/wp-content\/uploads\/2019\/01\/pdf.jpg 100w, https:\/\/kmgy.hu\/wp-content\/uploads\/2019\/01\/pdf-64x64.jpg 64w\" sizes=\"auto, (max-width: 100px) 100vw, 100px\" \/><\/a><\/p>\n","protected":false},"excerpt":{"rendered":"<p>&nbsp;<\/p>\n<p>Druckgeber<\/p>\n<p>Czujnik ci\u015bnienia<\/p>\n<p>\u010cidlo tlakom\u011bru<\/p>\n<p>\u0414\u0430\u0442\u0447\u0438\u043a \u0434\u0430\u0432\u043b\u0435\u043d\u0438\u044f<\/p>\n<p>&nbsp;<\/p>\n","protected":false},"featured_media":126562,"template":"","meta":[],"product_brand":[],"product_cat":[36,471,475],"product_tag":[],"class_list":{"0":"post-126561","1":"product","2":"type-product","3":"status-publish","4":"has-post-thumbnail","6":"product_cat-transmitter","7":"product_cat-sensor-pressure","8":"product_cat-pressure-sender","9":"pa_characteristics-reversed","10":"pa_connector-te-1-160304-2","11":"pa_electrical-connection-common-ground","12":"pa_range-p-0-8-bar","13":"pa_thread-m14x1-5","14":"pa_voltage-6-24v","16":"first","17":"instock","18":"taxable","19":"shipping-taxable","20":"purchasable","21":"product-type-simple"},"yoast_head":"<!-- This site is optimized with the Yoast SEO plugin v27.4 - https:\/\/yoast.com\/product\/yoast-seo-wordpress\/ -->\n<title>38 0297 25 005 Oil pressure sensor 8bar M14x1.5 &#8226; KMGY Ltd.<\/title>\n<meta name=\"description\" content=\"The oil pressure sensor is suitable for measuring the pressure of the motor oil.\" \/>\n<meta name=\"robots\" content=\"index, follow, max-snippet:-1, max-image-preview:large, max-video-preview:-1\" \/>\n<link rel=\"canonical\" href=\"https:\/\/kmgy.hu\/en\/termek\/38029725005-oil-pressure-sensor-8bar-m14x1-5\/\" \/>\n<meta property=\"og:locale\" content=\"en_US\" \/>\n<meta property=\"og:type\" content=\"article\" \/>\n<meta property=\"og:title\" content=\"38 0297 25 005 Oil pressure sensor 8bar M14x1.5 &#8226; KMGY Ltd.\" \/>\n<meta property=\"og:description\" content=\"The oil pressure sensor is suitable for measuring the pressure of the motor oil.\" \/>\n<meta property=\"og:url\" content=\"https:\/\/kmgy.hu\/en\/termek\/38029725005-oil-pressure-sensor-8bar-m14x1-5\/\" \/>\n<meta property=\"og:site_name\" content=\"KMGY Ltd.\" \/>\n<meta property=\"article:publisher\" content=\"https:\/\/www.facebook.com\/KmgyZrt\/\" \/>\n<meta property=\"article:modified_time\" content=\"2026-03-16T08:45:40+00:00\" \/>\n<meta property=\"og:image\" content=\"https:\/\/kmgy.hu\/wp-content\/uploads\/2026\/03\/20260306_111204.jpg\" \/>\n\t<meta property=\"og:image:width\" content=\"600\" \/>\n\t<meta property=\"og:image:height\" content=\"600\" \/>\n\t<meta property=\"og:image:type\" content=\"image\/jpeg\" \/>\n<meta name=\"twitter:card\" content=\"summary_large_image\" \/>\n<meta name=\"twitter:label1\" content=\"Est. reading time\" \/>\n\t<meta name=\"twitter:data1\" content=\"1 minute\" \/>\n<script type=\"application\/ld+json\" class=\"yoast-schema-graph\">{\"@context\":\"https:\\\/\\\/schema.org\",\"@graph\":[{\"@type\":\"WebPage\",\"@id\":\"https:\\\/\\\/kmgy.hu\\\/en\\\/termek\\\/38029725005-oil-pressure-sensor-8bar-m14x1-5\\\/\",\"url\":\"https:\\\/\\\/kmgy.hu\\\/en\\\/termek\\\/38029725005-oil-pressure-sensor-8bar-m14x1-5\\\/\",\"name\":\"38 0297 25 005 Oil pressure sensor 8bar M14x1.5 &#8226; KMGY Ltd.\",\"isPartOf\":{\"@id\":\"https:\\\/\\\/kmgy.hu\\\/en\\\/#website\"},\"primaryImageOfPage\":{\"@id\":\"https:\\\/\\\/kmgy.hu\\\/en\\\/termek\\\/38029725005-oil-pressure-sensor-8bar-m14x1-5\\\/#primaryimage\"},\"image\":{\"@id\":\"https:\\\/\\\/kmgy.hu\\\/termek\\\/38029725005-oil-pressure-sensor-8bar-m14x1-5\\\/#primaryimage\"},\"thumbnailUrl\":\"https:\\\/\\\/kmgy.hu\\\/wp-content\\\/uploads\\\/2026\\\/03\\\/20260306_111204.jpg\",\"datePublished\":\"2026-03-16T08:31:31+00:00\",\"dateModified\":\"2026-03-16T08:45:40+00:00\",\"description\":\"The oil pressure sensor is suitable for measuring the pressure of the motor oil.\",\"breadcrumb\":{\"@id\":\"https:\\\/\\\/kmgy.hu\\\/en\\\/termek\\\/38029725005-oil-pressure-sensor-8bar-m14x1-5\\\/#breadcrumb\"},\"inLanguage\":\"en-US\",\"potentialAction\":[{\"@type\":\"ReadAction\",\"target\":[[\"https:\\\/\\\/kmgy.hu\\\/en\\\/termek\\\/38029725005-oil-pressure-sensor-8bar-m14x1-5\\\/\"]]}]},{\"@type\":\"ImageObject\",\"inLanguage\":\"en-US\",\"@id\":\"https:\\\/\\\/kmgy.hu\\\/en\\\/termek\\\/38029725005-oil-pressure-sensor-8bar-m14x1-5\\\/#primaryimage\",\"url\":\"https:\\\/\\\/kmgy.hu\\\/wp-content\\\/uploads\\\/2026\\\/03\\\/20260306_111204.jpg\",\"contentUrl\":\"https:\\\/\\\/kmgy.hu\\\/wp-content\\\/uploads\\\/2026\\\/03\\\/20260306_111204.jpg\",\"width\":600,\"height\":600,\"caption\":\"Pressure sensor\"},{\"@type\":\"BreadcrumbList\",\"@id\":\"https:\\\/\\\/kmgy.hu\\\/en\\\/termek\\\/38029725005-oil-pressure-sensor-8bar-m14x1-5\\\/#breadcrumb\",\"itemListElement\":[{\"@type\":\"ListItem\",\"position\":1,\"name\":\"Home\",\"item\":\"https:\\\/\\\/kmgy.hu\\\/en\\\/\"},{\"@type\":\"ListItem\",\"position\":2,\"name\":\"Shop page\",\"item\":\"https:\\\/\\\/kmgy.hu\\\/en\\\/shoppage\\\/\"},{\"@type\":\"ListItem\",\"position\":3,\"name\":\"38 0297 25 005 Olajnyom\u00e1s jelad\u00f3 8bar M14x1,5\"}]},{\"@type\":\"WebSite\",\"@id\":\"https:\\\/\\\/kmgy.hu\\\/en\\\/#website\",\"url\":\"https:\\\/\\\/kmgy.hu\\\/en\\\/\",\"name\":\"KMGY Ltd.\",\"description\":\"J\u00e1rm\u0171m\u0171szer gy\u00e1rt\u00e1s \u00e9s \u00e9rt\u00e9kes\u00edt\u00e9s\",\"publisher\":{\"@id\":\"https:\\\/\\\/kmgy.hu\\\/en\\\/#organization\"},\"potentialAction\":[{\"@type\":\"SearchAction\",\"target\":{\"@type\":\"EntryPoint\",\"urlTemplate\":\"https:\\\/\\\/kmgy.hu\\\/en\\\/?s={search_term_string}\"},\"query-input\":{\"@type\":\"PropertyValueSpecification\",\"valueRequired\":true,\"valueName\":\"search_term_string\"}}],\"inLanguage\":\"en-US\"},{\"@type\":\"Organization\",\"@id\":\"https:\\\/\\\/kmgy.hu\\\/en\\\/#organization\",\"name\":\"KMGY LTD.\",\"url\":\"https:\\\/\\\/kmgy.hu\\\/en\\\/\",\"logo\":{\"@type\":\"ImageObject\",\"inLanguage\":\"en-US\",\"@id\":\"https:\\\/\\\/kmgy.hu\\\/en\\\/#\\\/schema\\\/logo\\\/image\\\/\",\"url\":\"https:\\\/\\\/kmgy.hu\\\/wp-content\\\/uploads\\\/2024\\\/02\\\/logo2.bmp\",\"contentUrl\":\"https:\\\/\\\/kmgy.hu\\\/wp-content\\\/uploads\\\/2024\\\/02\\\/logo2.bmp\",\"width\":302,\"height\":132,\"caption\":\"KMGY LTD.\"},\"image\":{\"@id\":\"https:\\\/\\\/kmgy.hu\\\/en\\\/#\\\/schema\\\/logo\\\/image\\\/\"},\"sameAs\":[\"https:\\\/\\\/www.facebook.com\\\/KmgyZrt\\\/\"]}]}<\/script>\n<!-- \/ Yoast SEO plugin. -->","yoast_head_json":{"title":"38 0297 25 005 Oil pressure sensor 8bar M14x1.5 &#8226; KMGY Ltd.","description":"The oil pressure sensor is suitable for measuring the pressure of the motor oil.","robots":{"index":"index","follow":"follow","max-snippet":"max-snippet:-1","max-image-preview":"max-image-preview:large","max-video-preview":"max-video-preview:-1"},"canonical":"https:\/\/kmgy.hu\/en\/termek\/38029725005-oil-pressure-sensor-8bar-m14x1-5\/","og_locale":"en_US","og_type":"article","og_title":"38 0297 25 005 Oil pressure sensor 8bar M14x1.5 &#8226; KMGY Ltd.","og_description":"The oil pressure sensor is suitable for measuring the pressure of the motor oil.","og_url":"https:\/\/kmgy.hu\/en\/termek\/38029725005-oil-pressure-sensor-8bar-m14x1-5\/","og_site_name":"KMGY Ltd.","article_publisher":"https:\/\/www.facebook.com\/KmgyZrt\/","article_modified_time":"2026-03-16T08:45:40+00:00","og_image":[{"width":600,"height":600,"url":"https:\/\/kmgy.hu\/wp-content\/uploads\/2026\/03\/20260306_111204.jpg","type":"image\/jpeg"}],"twitter_card":"summary_large_image","twitter_misc":{"Est. reading time":"1 minute"},"schema":{"@context":"https:\/\/schema.org","@graph":[{"@type":"WebPage","@id":"https:\/\/kmgy.hu\/en\/termek\/38029725005-oil-pressure-sensor-8bar-m14x1-5\/","url":"https:\/\/kmgy.hu\/en\/termek\/38029725005-oil-pressure-sensor-8bar-m14x1-5\/","name":"38 0297 25 005 Oil pressure sensor 8bar M14x1.5 &#8226; KMGY Ltd.","isPartOf":{"@id":"https:\/\/kmgy.hu\/en\/#website"},"primaryImageOfPage":{"@id":"https:\/\/kmgy.hu\/en\/termek\/38029725005-oil-pressure-sensor-8bar-m14x1-5\/#primaryimage"},"image":{"@id":"https:\/\/kmgy.hu\/termek\/38029725005-oil-pressure-sensor-8bar-m14x1-5\/#primaryimage"},"thumbnailUrl":"https:\/\/kmgy.hu\/wp-content\/uploads\/2026\/03\/20260306_111204.jpg","datePublished":"2026-03-16T08:31:31+00:00","dateModified":"2026-03-16T08:45:40+00:00","description":"The oil pressure sensor is suitable for measuring the pressure of the motor oil.","breadcrumb":{"@id":"https:\/\/kmgy.hu\/en\/termek\/38029725005-oil-pressure-sensor-8bar-m14x1-5\/#breadcrumb"},"inLanguage":"en-US","potentialAction":[{"@type":"ReadAction","target":[["https:\/\/kmgy.hu\/en\/termek\/38029725005-oil-pressure-sensor-8bar-m14x1-5\/"]]}]},{"@type":"ImageObject","inLanguage":"en-US","@id":"https:\/\/kmgy.hu\/en\/termek\/38029725005-oil-pressure-sensor-8bar-m14x1-5\/#primaryimage","url":"https:\/\/kmgy.hu\/wp-content\/uploads\/2026\/03\/20260306_111204.jpg","contentUrl":"https:\/\/kmgy.hu\/wp-content\/uploads\/2026\/03\/20260306_111204.jpg","width":600,"height":600,"caption":"Pressure sensor"},{"@type":"BreadcrumbList","@id":"https:\/\/kmgy.hu\/en\/termek\/38029725005-oil-pressure-sensor-8bar-m14x1-5\/#breadcrumb","itemListElement":[{"@type":"ListItem","position":1,"name":"Home","item":"https:\/\/kmgy.hu\/en\/"},{"@type":"ListItem","position":2,"name":"Shop page","item":"https:\/\/kmgy.hu\/en\/shoppage\/"},{"@type":"ListItem","position":3,"name":"38 0297 25 005 Olajnyom\u00e1s jelad\u00f3 8bar M14x1,5"}]},{"@type":"WebSite","@id":"https:\/\/kmgy.hu\/en\/#website","url":"https:\/\/kmgy.hu\/en\/","name":"KMGY Ltd.","description":"J\u00e1rm\u0171m\u0171szer gy\u00e1rt\u00e1s \u00e9s \u00e9rt\u00e9kes\u00edt\u00e9s","publisher":{"@id":"https:\/\/kmgy.hu\/en\/#organization"},"potentialAction":[{"@type":"SearchAction","target":{"@type":"EntryPoint","urlTemplate":"https:\/\/kmgy.hu\/en\/?s={search_term_string}"},"query-input":{"@type":"PropertyValueSpecification","valueRequired":true,"valueName":"search_term_string"}}],"inLanguage":"en-US"},{"@type":"Organization","@id":"https:\/\/kmgy.hu\/en\/#organization","name":"KMGY LTD.","url":"https:\/\/kmgy.hu\/en\/","logo":{"@type":"ImageObject","inLanguage":"en-US","@id":"https:\/\/kmgy.hu\/en\/#\/schema\/logo\/image\/","url":"https:\/\/kmgy.hu\/wp-content\/uploads\/2024\/02\/logo2.bmp","contentUrl":"https:\/\/kmgy.hu\/wp-content\/uploads\/2024\/02\/logo2.bmp","width":302,"height":132,"caption":"KMGY LTD."},"image":{"@id":"https:\/\/kmgy.hu\/en\/#\/schema\/logo\/image\/"},"sameAs":["https:\/\/www.facebook.com\/KmgyZrt\/"]}]}},"_links":{"self":[{"href":"https:\/\/kmgy.hu\/en\/wp-json\/wp\/v2\/product\/126561","targetHints":{"allow":["GET"]}}],"collection":[{"href":"https:\/\/kmgy.hu\/en\/wp-json\/wp\/v2\/product"}],"about":[{"href":"https:\/\/kmgy.hu\/en\/wp-json\/wp\/v2\/types\/product"}],"wp:featuredmedia":[{"embeddable":true,"href":"https:\/\/kmgy.hu\/en\/wp-json\/wp\/v2\/media\/126562"}],"wp:attachment":[{"href":"https:\/\/kmgy.hu\/en\/wp-json\/wp\/v2\/media?parent=126561"}],"wp:term":[{"taxonomy":"product_brand","embeddable":true,"href":"https:\/\/kmgy.hu\/en\/wp-json\/wp\/v2\/product_brand?post=126561"},{"taxonomy":"product_cat","embeddable":true,"href":"https:\/\/kmgy.hu\/en\/wp-json\/wp\/v2\/product_cat?post=126561"},{"taxonomy":"product_tag","embeddable":true,"href":"https:\/\/kmgy.hu\/en\/wp-json\/wp\/v2\/product_tag?post=126561"}],"curies":[{"name":"wp","href":"https:\/\/api.w.org\/{rel}","templated":true}]}}